{"id":89,"date":"2022-06-23T11:13:19","date_gmt":"2022-06-23T09:13:19","guid":{"rendered":"https:\/\/capdagir.org\/?page_id=89"},"modified":"2025-03-26T14:42:10","modified_gmt":"2025-03-26T13:42:10","slug":"sinformer","status":"publish","type":"page","link":"https:\/\/capdagir.org\/index.php\/sinformer","title":{"rendered":"Constat des violences"},"content":{"rendered":"\n<h2 class=\"wp-block-heading\"><\/h2>\n\n\n\n<p class=\"wp-block-paragraph\" style=\"font-size:16px\">En France, un enfant meurt tous les 5 jours de violences intrafamiliales, un enfant sur 5 est victime d&rsquo;agression sexuelle et un enfant sur 3 est victime de violence psychologique. Les violences faites aux enfants ne diminuent pas, qu&rsquo;elles soient physiques, psychologiques ou sexuelles, voire elles augmentent.<br>Pour lutter efficacement contre ces violences, nous pensons qu&rsquo;il est important de d\u00e9construire certaines repr\u00e9sentations, car elles nous emp\u00eachent de voir la r\u00e9alit\u00e9.<br><br>\u00c0 l&rsquo;instar des violences faites aux femmes, les enfants ne sont pas agress\u00e9es le soir dans une ruelle sombre, mais bien dans les lieux qu&rsquo;ils fr\u00e9quentent au quotidien (leur foyer, leur \u00e9tablissement scolaire, les lieux de leurs loisirs ou de leurs activit\u00e9s culturelles, artistiques ou sportives).<br>Contrairement aux id\u00e9es re\u00e7ues, dans la plus grande majorit\u00e9 des cas, les auteurs d&rsquo;agressions \u00e0 l&rsquo;\u00e9gard des enfants ne sont pas des inconnus, mais bien des adultes de leur entourage, avec qui les enfants peuvent avoir une relation de confiance.<br>Contrairement \u00e0 ce qu&rsquo;on peut penser, les violences faites aux enfants concernent tous les milieux sociaux-\u00e9conomiques et culturels. Ainsi, il est important de pr\u00e9ciser que les auteurs d&rsquo;agression ne sont pas seulement issus de milieux sociaux pr\u00e9caires. De m\u00eame, le mythe du p\u00e9dophile sorti d&rsquo;h\u00f4pital psychiatrique ne correspond pas \u00e0 la r\u00e9alit\u00e9 de l&rsquo;auteur d&rsquo;agression sexuelle. Il s&rsquo;agit plut\u00f4t d&rsquo;hommes-cis bien int\u00e9gr\u00e9s dans la soci\u00e9t\u00e9.<br>\u00a0<br>Dans notre soci\u00e9t\u00e9 et depuis l&rsquo;affaire Outreau, notamment, l&rsquo;id\u00e9e que les enfants mentent ou exag\u00e8rent est tristement admise. Cette repr\u00e9sentation remet donc en cause la cr\u00e9dibilit\u00e9 de leur parole lorsqu&rsquo;ils r\u00e9v\u00e8lent les agressions qu&rsquo;ielles subissent. De m\u00eame, il est assez r\u00e9pandu de penser que les enfants provoquent leur agresseur voire ont consenti l&rsquo;acte. Ces mythes prot\u00e8gent les agresseurs depuis toujours.<br><br>Ces repr\u00e9sentations, en plus d&rsquo;\u00eatre erron\u00e9es, ont \u00e9galement pour cons\u00e9quence le maintien d&rsquo;une culture du silence autour des violences faites aux enfants. Les nombreuses r\u00e9v\u00e9lations li\u00e9es au mouvement du #MeeTooInceste ont permis de mettre en avant le silence dans lequel les victimes d&rsquo;agressions sexuelles sont enferm\u00e9es.<br><br>L&rsquo;id\u00e9e que les victimes auraient provoqu\u00e9 leur agresseur est assez r\u00e9pandue : penser que la victime a pris des risques ou a adopt\u00e9 une attitude qui aurait d\u00e9clench\u00e9 ou permis l&rsquo;acte participe d&rsquo;un m\u00e9canisme d&rsquo;inversion de la culpabilit\u00e9. Un enfant n&rsquo;a aucun int\u00e9r\u00eat \u00e0 inventer une histoire de violences sexuelles. La plupart du temps, son agresseur l&rsquo;a manipul\u00e9\u00b7e ou menac\u00e9\u00b7e pour qu&rsquo;il-elle se taise: \u201cSi tu parles, j&rsquo;irai en prison ! Personne ne te croira ! Ta maman ne t&rsquo;aimera plus !\u201d etc. Cela maintient les enfants dans l&rsquo;isolement et les emp\u00eache de se reconna\u00eetre en tant que victime et de parler de leur souffrance.<br><br>Cette culture du silence contribue aussi \u00e0 consid\u00e9rer les actes de violences faites aux enfants comme des faits isol\u00e9s, marginaux, qui par cons\u00e9quent n&rsquo;impliquent pas l&rsquo;ensemble de la soci\u00e9t\u00e9. Elle emp\u00eache de penser des strat\u00e9gies efficaces de pr\u00e9vention.<\/p>\n\n\n\n<div class=\"wp-block-columns is-layout-flex wp-container-core-columns-is-layout-7387b849 wp-block-columns-is-layout-flex\">\n<div class=\"wp-block-column is-layout-flow wp-block-column-is-layout-flow\" style=\"flex-basis:100%\">\n<div class=\"wp-block-columns is-layout-flex wp-container-core-columns-is-layout-7387b849 wp-block-columns-is-layout-flex\">\n<div class=\"wp-block-column is-layout-flow wp-block-column-is-layout-flow\" style=\"flex-basis:100%\"><\/div>\n<\/div>\n<\/div>\n<\/div>\n\n\n\n<div class=\"wp-block-columns is-layout-flex wp-container-core-columns-is-layout-7387b849 wp-block-columns-is-layout-flex\"><\/div>\n","protected":false},"excerpt":{"rendered":"<p>En France, un enfant meurt tous les 5 jours de violences intrafamiliales, un enfant sur 5 est victime d&rsquo;agression sexuelle et un enfant sur 3 est victime de violence psychologique. Les violences faites aux enfants ne diminuent pas, qu&rsquo;elles soient<\/p>\n","protected":false},"author":1,"featured_media":0,"parent":0,"menu_order":0,"comment_status":"closed","ping_status":"closed","template":"","meta":{"_crdt_document":"","footnotes":""},"class_list":["post-89","page","type-page","status-publish","hentry"],"_links":{"self":[{"href":"https:\/\/capdagir.org\/index.php\/wp-json\/wp\/v2\/pages\/89","targetHints":{"allow":["GET"]}}],"collection":[{"href":"https:\/\/capdagir.org\/index.php\/wp-json\/wp\/v2\/pages"}],"about":[{"href":"https:\/\/capdagir.org\/index.php\/wp-json\/wp\/v2\/types\/page"}],"author":[{"embeddable":true,"href":"https:\/\/capdagir.org\/index.php\/wp-json\/wp\/v2\/users\/1"}],"replies":[{"embeddable":true,"href":"https:\/\/capdagir.org\/index.php\/wp-json\/wp\/v2\/comments?post=89"}],"version-history":[{"count":14,"href":"https:\/\/capdagir.org\/index.php\/wp-json\/wp\/v2\/pages\/89\/revisions"}],"predecessor-version":[{"id":401,"href":"https:\/\/capdagir.org\/index.php\/wp-json\/wp\/v2\/pages\/89\/revisions\/401"}],"wp:attachment":[{"href":"https:\/\/capdagir.org\/index.php\/wp-json\/wp\/v2\/media?parent=89"}],"curies":[{"name":"wp","href":"https:\/\/api.w.org\/{rel}","templated":true}]}}