{"id":861,"date":"2026-02-16T09:26:22","date_gmt":"2026-02-16T08:26:22","guid":{"rendered":"https:\/\/capdagir.org\/?page_id=861"},"modified":"2026-04-14T10:57:41","modified_gmt":"2026-04-14T08:57:41","slug":"861-2","status":"publish","type":"page","link":"https:\/\/capdagir.org\/index.php\/861-2","title":{"rendered":"Atelier \u00e9quipe \u00e9ducative"},"content":{"rendered":"\n<div class=\"wp-block-group alignwide has-black-color has-white-background-color has-text-color has-background has-link-color wp-elements-549cff7c19924edd591935adbbf06cc5 is-layout-constrained wp-container-core-group-is-layout-ee2332cf wp-block-group-is-layout-constrained\">\n<h2 class=\"wp-block-heading has-white-background-color has-text-color has-background has-link-color has-medium-font-size wp-elements-39684925e31b85535a4566e0a3095535\" style=\"color:#ee7155\"><strong>Qu&rsquo;est ce que l&rsquo;atelier s&rsquo;adressant \u00e0 l&rsquo;\u00e9quipe \u00e9ducative?<\/strong><\/h2>\n\n\n\n<p class=\"wp-block-paragraph\"><\/p>\n\n\n\n<p class=\"has-text-align-left wp-block-paragraph\">La rencontre avec le personnel \u00e9ducatif a comme objectif de sensibiliser sur la sp\u00e9cificit\u00e9 des violences faites aux enfants et de renforcer le r\u00f4le des adultes dans la pr\u00e9vention de ces violences. Nous proposons un temps d&rsquo;\u00e9change et de r\u00e9flexion de sorte \u00e0 mettre en commun des outils de pr\u00e9vention pour r\u00e9duire la vuln\u00e9rabilit\u00e9 des enfants.<\/p>\n\n\n\n<div class=\"wp-block-columns is-layout-flex wp-container-core-columns-is-layout-7387b849 wp-block-columns-is-layout-flex\">\n<div class=\"wp-block-column is-layout-flow wp-block-column-is-layout-flow\">\n<div class=\"wp-block-columns is-layout-flex wp-container-core-columns-is-layout-7387b849 wp-block-columns-is-layout-flex\">\n<div class=\"wp-block-column is-layout-flow wp-block-column-is-layout-flow\">\n<div class=\"wp-block-columns is-layout-flex wp-container-core-columns-is-layout-7387b849 wp-block-columns-is-layout-flex\">\n<div class=\"wp-block-column is-layout-flow wp-block-column-is-layout-flow\" style=\"flex-basis:25%\"><\/div>\n\n\n\n<div class=\"wp-block-column is-layout-flow wp-block-column-is-layout-flow\" style=\"flex-basis:50%\"><\/div>\n\n\n\n<div class=\"wp-block-column is-layout-flow wp-block-column-is-layout-flow\" style=\"flex-basis:25%\"><\/div>\n<\/div>\n<\/div>\n<\/div>\n<\/div>\n<\/div>\n\n\n\n<div class=\"wp-block-columns is-layout-flex wp-container-core-columns-is-layout-7387b849 wp-block-columns-is-layout-flex\">\n<div class=\"wp-block-column is-layout-flow wp-block-column-is-layout-flow\">\n<div class=\"wp-block-columns is-layout-flex wp-container-core-columns-is-layout-7387b849 wp-block-columns-is-layout-flex\">\n<div class=\"wp-block-column is-layout-flow wp-block-column-is-layout-flow\">\n<div class=\"wp-block-columns is-layout-flex wp-container-core-columns-is-layout-7387b849 wp-block-columns-is-layout-flex\">\n<div class=\"wp-block-column is-layout-flow wp-block-column-is-layout-flow\">\n<figure class=\"wp-block-image size-large\"><img loading=\"lazy\" decoding=\"async\" width=\"1024\" height=\"683\" src=\"https:\/\/capdagir.org\/wp-content\/uploads\/2022\/12\/IMG_5777-1024x683.jpg\" alt=\"\" class=\"wp-image-350\" srcset=\"https:\/\/capdagir.org\/wp-content\/uploads\/2022\/12\/IMG_5777-1024x683.jpg 1024w, https:\/\/capdagir.org\/wp-content\/uploads\/2022\/12\/IMG_5777-300x200.jpg 300w, https:\/\/capdagir.org\/wp-content\/uploads\/2022\/12\/IMG_5777-768x512.jpg 768w, https:\/\/capdagir.org\/wp-content\/uploads\/2022\/12\/IMG_5777-1536x1024.jpg 1536w, https:\/\/capdagir.org\/wp-content\/uploads\/2022\/12\/IMG_5777-2048x1365.jpg 2048w\" sizes=\"auto, (max-width: 1024px) 100vw, 1024px\" \/><\/figure>\n<\/div>\n<\/div>\n<\/div>\n<\/div>\n<\/div>\n<\/div>\n\n\n\n<div class=\"wp-block-columns is-layout-flex wp-container-core-columns-is-layout-7387b849 wp-block-columns-is-layout-flex\">\n<div class=\"wp-block-column is-layout-flow wp-block-column-is-layout-flow\"><\/div>\n<\/div>\n<\/div>\n","protected":false},"excerpt":{"rendered":"<p>Qu&rsquo;est ce que l&rsquo;atelier s&rsquo;adressant \u00e0 l&rsquo;\u00e9quipe \u00e9ducative? La rencontre avec le personnel \u00e9ducatif a comme objectif de sensibiliser sur la sp\u00e9cificit\u00e9 des violences faites aux enfants et de renforcer le r\u00f4le des adultes dans la pr\u00e9vention de ces violences.<\/p>\n","protected":false},"author":1,"featured_media":0,"parent":0,"menu_order":0,"comment_status":"closed","ping_status":"closed","template":"page-templates\/page-builder.php","meta":{"_crdt_document":"{\"document\":\"AAAHzJSwvRK3AYgBCDKAWgQCAQIKAQNKGAIBAgoCQgEBSgCsAgECCgBKABIBAgoCQgBKAIILAQIKSg4CAQMMAgECCkoOAgEDDAIBAgpKDgIBAgpKABABAgpKABABAgpK7AG8AQECCkoOAgEDDAIBAgpKDgIBAwwCAQIKSg4CAQMMAgECCgEDStoBtAEBAgpKDgIBAwDVASgDJwAEACcABAAnACgEJwAoACcABwAoAycAKAUnAAcAKAMnAQQAKAMnAIcAKAMnASgAJwCHACgDJwEEACgBJwCHACgDJwAoACcABwAoAycBBwAoAycAKAAnAAcAKAMnAQcAKAMnACgAJwAHACgDJwAoACcAhwAoAycAKAAnAIcAKAMnACgAJwCHACgDJwAoACcABwAoAycBBwAoAycAKAAnAAcAKAMnAQcAKAMnACgAJwAHACgDJwEHACgDJwAoAScAKAInAIcAKAMnACgAJwAHACgDJ9kolidzdGF0ZXZlcnNpb25kb2N1bWVudGRhdGVkb2N1bWVudHNsdWdkb2N1bWVudHN0YXR1c2RvY3VtZW50dGl0bGVBdGVsaWVyIMOpcXVpcGUgw6lkdWNhdGl2ZWRvY3VtZW50Y29udGVudDwhLS0gd3A6Z3JvdXAgeyJhbGlnbiI6IndpZGUiLCJzdHlsZSI6eyJzcGFjaW5nIjp7ImJsb2NrR2FwIjoiMCJ9LCJlbGVtZW50cyI6eyJsaW5rIjp7ImNvbG9yIjp7InRleHQiOiJ2YXI6cHJlc2V0fGNvbG9yfGJsYWNrIn19fX0sImJhY2tncm91bmRDb2xvciI6IndoaXRlIiwidGV4dENvbG9yIjoiYmxhY2siLCJsYXlvdXQiOnsidHlwZSI6ImNvbnN0cmFpbmVkIn19IC0tPgo8ZGl2IGNsYXNzPSJ3cC1ibG9jay1ncm91cCBhbGlnbndpZGUgaGFzLWJsYWNrLWNvbG9yIGhhcy13aGl0ZS1iYWNrZ3JvdW5kLWNvbG9yIGhhcy10ZXh0LWNvbG9yIGhhcy1iYWNrZ3JvdW5kIGhhcy1saW5rLWNvbG9yIj48IS0tIHdwOmhlYWRpbmcgeyJzdHlsZSI6eyJlbGVtZW50cyI6eyJsaW5rIjp7ImNvbG9yIjp7InRleHQiOiIjZWU3MTU1In19fSwiY29sb3IiOnsidGV4dCI6IiNlZTcxNTUifX0sImJhY2tncm91bmRDb2xvciI6IndoaXRlIiwiZm9udFNpemUiOiJtZWRpdW0ifSAtLT4KPGgyIGNsYXNzPSJ3cC1ibG9jay1oZWFkaW5nIGhhcy13aGl0ZS1iYWNrZ3JvdW5kLWNvbG9yIGhhcy10ZXh0LWNvbG9yIGhhcy1iYWNrZ3JvdW5kIGhhcy1saW5rLWNvbG9yIGhhcy1tZWRpdW0tZm9udC1zaXplIiBzdHlsZT0iY29sb3I6I2VlNzE1NSI+PHN0cm9uZz5RdSdlc3QgY2UgcXVlIGwnYXRlbGllciBzJ2FkcmVzc2FudCDDoCBsJ8OpcXVpcGUgw6lkdWNhdGl2ZT88L3N0cm9uZz48L2gyPgo8IS0tIC93cDpoZWFkaW5nIC0tPgoKPCEtLSB3cDpwYXJhZ3JhcGggLS0+CjxwPjwvcD4KPCEtLSAvd3A6cGFyYWdyYXBoIC0tPgoKPCEtLSB3cDpwYXJhZ3JhcGggeyJzdHlsZSI6eyJ0eXBvZ3JhcGh5Ijp7InRleHRBbGlnbiI6ImxlZnQifX19IC0tPgo8cCBjbGFzcz0iaGFzLXRleHQtYWxpZ24tbGVmdCI+TGEgcmVuY29udHJlIGF2ZWMgbGUgcGVyc29ubmVsIMOpZHVjYXRpZiBhIGNvbW1lIG9iamVjdGlmIGRlIHNlbnNpYmlsaXNlciBzdXIgbGEgc3DDqWNpZmljaXTDqSBkZXMgdmlvbGVuY2VzIGZhaXRlcyBhdXggZW5mYW50cyBldCBkZSByZW5mb3JjZXIgbGUgcsO0bGUgZGVzIGFkdWx0ZXMgZGFucyBsYSBwcsOpdmVudGlvbiBkZSBjZXMgdmlvbGVuY2VzLiBOb3VzIHByb3Bvc29ucyB1biB0ZW1wcyBkJ8OpY2hhbmdlIGV0IGRlIHLDqWZsZXhpb24gZGUgc29ydGUgw6AgbWV0dHJlIGVuIGNvbW11biBkZXMgb3V0aWxzIGRlIHByw6l2ZW50aW9uIHBvdXIgcsOpZHVpcmUgbGEgdnVsbsOpcmFiaWxpdMOpIGRlcyBlbmZhbnRzLjwvcD4KPCEtLSAvd3A6cGFyYWdyYXBoIC0tPgoKPCEtLSB3cDpjb2x1bW5zIC0tPgo8ZGl2IGNsYXNzPSJ3cC1ibG9jay1jb2x1bW5zIj48IS0tIHdwOmNvbHVtbiAtLT4KPGRpdiBjbGFzcz0id3AtYmxvY2stY29sdW1uIj48IS0tIHdwOmNvbHVtbnMgLS0+CjxkaXYgY2xhc3M9IndwLWJsb2NrLWNvbHVtbnMiPjwhLS0gd3A6Y29sdW1uIC0tPgo8ZGl2IGNsYXNzPSJ3cC1ibG9jay1jb2x1bW4iPjwhLS0gd3A6Y29sdW1ucyAtLT4KPGRpdiBjbGFzcz0id3AtYmxvY2stY29sdW1ucyI+PCEtLSB3cDpjb2x1bW4geyJ3aWR0aCI6IjI1JSJ9IC0tPgo8ZGl2IGNsYXNzPSJ3cC1ibG9jay1jb2x1bW4iIHN0eWxlPSJmbGV4LWJhc2lzOjI1JSI+PC9kaXY+CjwhLS0gL3dwOmNvbHVtbiAtLT4KCjwhLS0gd3A6Y29sdW1uIHsid2lkdGgiOiI1MCUifSAtLT4KPGRpdiBjbGFzcz0id3AtYmxvY2stY29sdW1uIiBzdHlsZT0iZmxleC1iYXNpczo1MCUiPjwvZGl2Pgo8IS0tIC93cDpjb2x1bW4gLS0+Cgo8IS0tIHdwOmNvbHVtbiB7IndpZHRoIjoiMjUlIn0gLS0+CjxkaXYgY2xhc3M9IndwLWJsb2NrLWNvbHVtbiIgc3R5bGU9ImZsZXgtYmFzaXM6MjUlIj48L2Rpdj4KPCEtLSAvd3A6Y29sdW1uIC0tPjwvZGl2Pgo8IS0tIC93cDpjb2x1bW5zIC0tPjwvZGl2Pgo8IS0tIC93cDpjb2x1bW4gLS0+PC9kaXY+CjwhLS0gL3dwOmNvbHVtbnMgLS0+PC9kaXY+CjwhLS0gL3dwOmNvbHVtbiAtLT48L2Rpdj4KPCEtLSAvd3A6Y29sdW1ucyAtLT4KCjwhLS0gd3A6Y29sdW1ucyAtLT4KPGRpdiBjbGFzcz0id3AtYmxvY2stY29sdW1ucyI+PCEtLSB3cDpjb2x1bW4gLS0+CjxkaXYgY2xhc3M9IndwLWJsb2NrLWNvbHVtbiI+PCEtLSB3cDpjb2x1bW5zIC0tPgo8ZGl2IGNsYXNzPSJ3cC1ibG9jay1jb2x1bW5zIj48IS0tIHdwOmNvbHVtbiAtLT4KPGRpdiBjbGFzcz0id3AtYmxvY2stY29sdW1uIj48IS0tIHdwOmNvbHVtbnMgLS0+CjxkaXYgY2xhc3M9IndwLWJsb2NrLWNvbHVtbnMiPjwhLS0gd3A6Y29sdW1uIC0tPgo8ZGl2IGNsYXNzPSJ3cC1ibG9jay1jb2x1bW4iPjwhLS0gd3A6aW1hZ2UgeyJpZCI6MzUwLCJzaXplU2x1ZyI6ImxhcmdlIiwibGlua0Rlc3RpbmF0aW9uIjoibm9uZSJ9IC0tPgo8ZmlndXJlIGNsYXNzPSJ3cC1ibG9jay1pbWFnZSBzaXplLWxhcmdlIj48aW1nIHNyYz0iaHR0cHM6Ly9jYXBkYWdpci5vcmcvd3AtY29udGVudC91cGxvYWRzLzIwMjIvMTIvSU1HXzU3NzctMTAyNHg2ODMuanBnIiBhbHQ9IiIgY2xhc3M9IndwLWltYWdlLTM1MCIvPjwvZmlndXJlPgo8IS0tIC93cDppbWFnZSAtLT48L2Rpdj4KPCEtLSAvd3A6Y29sdW1uIC0tPjwvZGl2Pgo8IS0tIC93cDpjb2x1bW5zIC0tPjwvZGl2Pgo8IS0tIC93cDpjb2x1bW4gLS0+PC9kaXY+CjwhLS0gL3dwOmNvbHVtbnMgLS0+PC9kaXY+CjwhLS0gL3dwOmNvbHVtbiAtLT48L2Rpdj4KPCEtLSAvd3A6Y29sdW1ucyAtLT4KCjwhLS0gd3A6Y29sdW1ucyAtLT4KPGRpdiBjbGFzcz0id3AtYmxvY2stY29sdW1ucyI+PCEtLSB3cDpjb2x1bW4gLS0+CjxkaXYgY2xhc3M9IndwLWJsb2NrLWNvbHVtbiI+PC9kaXY+CjwhLS0gL3dwOmNvbHVtbiAtLT48L2Rpdj4KPCEtLSAvd3A6Y29sdW1ucyAtLT48L2Rpdj4KPCEtLSAvd3A6Z3JvdXAgLS0+ZG9jdW1lbnRleGNlcnB0ZG9jdW1lbnRhdXRob3Jkb2N1bWVudGZlYXR1cmVkX21lZGlhZG9jdW1lbnRjb21tZW50X3N0YXR1c2RvY3VtZW50cGluZ19zdGF0dXNkb2N1bWVudHRlbXBsYXRlZG9jdW1lbnRtZXRhZm9vdG5vdGVzZG9jdW1lbnRibG9ja3NjbGllbnRJZGlzVmFsaWRvcmlnaW5hbENvbnRlbnRuYW1lYXR0cmlidXRlc3RhZ05hbWVhbGlnbnN0eWxlYmFja2dyb3VuZENvbG9ydGV4dENvbG9ybGF5b3V0aW5uZXJCbG9ja3NjbGllbnRJZGlzVmFsaWRvcmlnaW5hbENvbnRlbnRuYW1lYXR0cmlidXRlc2NvbnRlbnQ8c3Ryb25nPlF1J2VzdCBjZSBxdWUgbCdhdGVsaWVyIHMnYWRyZXNzYW50IMOgIGwnw6lxdWlwZSDDqWR1Y2F0aXZlPzwvc3Ryb25nPmxldmVsc3R5bGViYWNrZ3JvdW5kQ29sb3Jmb250U2l6ZWlubmVyQmxvY2tzY2xpZW50SWRpc1ZhbGlkb3JpZ2luYWxDb250ZW50bmFtZWF0dHJpYnV0ZXNjb250ZW50ZHJvcENhcGlubmVyQmxvY2tzY2xpZW50SWRpc1ZhbGlkb3JpZ2luYWxDb250ZW50bmFtZWF0dHJpYnV0ZXNjb250ZW50TGEgcmVuY29udHJlIGF2ZWMgbGUgcGVyc29ubmVsIMOpZHVjYXRpZiBhIGNvbW1lIG9iamVjdGlmIGRlIHNlbnNpYmlsaXNlciBzdXIgbGEgc3DDqWNpZmljaXTDqSBkZXMgdmlvbGVuY2VzIGZhaXRlcyBhdXggZW5mYW50cyBldCBkZSByZW5mb3JjZXIgbGUgcsO0bGUgZGVzIGFkdWx0ZXMgZGFucyBsYSBwcsOpdmVudGlvbiBkZSBjZXMgdmlvbGVuY2VzLiBOb3VzIHByb3Bvc29ucyB1biB0ZW1wcyBkJ8OpY2hhbmdlIGV0IGRlIHLDqWZsZXhpb24gZGUgc29ydGUgw6AgbWV0dHJlIGVuIGNvbW11biBkZXMgb3V0aWxzIGRlIHByw6l2ZW50aW9uIHBvdXIgcsOpZHVpcmUgbGEgdnVsbsOpcmFiaWxpdMOpIGRlcyBlbmZhbnRzLmRyb3BDYXBzdHlsZWlubmVyQmxvY2tzY2xpZW50SWRpc1ZhbGlkb3JpZ2luYWxDb250ZW50bmFtZWF0dHJpYnV0ZXNpc1N0YWNrZWRPbk1vYmlsZWlubmVyQmxvY2tzY2xpZW50SWRpc1ZhbGlkb3JpZ2luYWxDb250ZW50bmFtZWF0dHJpYnV0ZXNpbm5lckJsb2Nrc2NsaWVudElkaXNWYWxpZG9yaWdpbmFsQ29udGVudG5hbWVhdHRyaWJ1dGVzaXNTdGFja2VkT25Nb2JpbGVpbm5lckJsb2Nrc2NsaWVudElkaXNWYWxpZG9yaWdpbmFsQ29udGVudG5hbWVhdHRyaWJ1dGVzaW5uZXJCbG9ja3NjbGllbnRJZGlzVmFsaWRvcmlnaW5hbENvbnRlbnRuYW1lYXR0cmlidXRlc2lzU3RhY2tlZE9uTW9iaWxlaW5uZXJCbG9ja3NjbGllbnRJZGlzVmFsaWRvcmlnaW5hbENvbnRlbnRuYW1lYXR0cmlidXRlc3dpZHRoaW5uZXJCbG9ja3NjbGllbnRJZGlzVmFsaWRvcmlnaW5hbENvbnRlbnRuYW1lYXR0cmlidXRlc3dpZHRoaW5uZXJCbG9ja3NjbGllbnRJZGlzVmFsaWRvcmlnaW5hbENvbnRlbnRuYW1lYXR0cmlidXRlc3dpZHRoaW5uZXJCbG9ja3NjbGllbnRJZGlzVmFsaWRvcmlnaW5hbENvbnRlbnRuYW1lYXR0cmlidXRlc2lzU3RhY2tlZE9uTW9iaWxlaW5uZXJCbG9ja3NjbGllbnRJZGlzVmFsaWRvcmlnaW5hbENvbnRlbnRuYW1lYXR0cmlidXRlc2lubmVyQmxvY2tzY2xpZW50SWRpc1ZhbGlkb3JpZ2luYWxDb250ZW50bmFtZWF0dHJpYnV0ZXNpc1N0YWNrZWRPbk1vYmlsZWlubmVyQmxvY2tzY2xpZW50SWRpc1ZhbGlkb3JpZ2luYWxDb250ZW50bmFtZWF0dHJpYnV0ZXNpbm5lckJsb2Nrc2NsaWVudElkaXNWYWxpZG9yaWdpbmFsQ29udGVudG5hbWVhdHRyaWJ1dGVzaXNTdGFja2VkT25Nb2JpbGVpbm5lckJsb2Nrc2NsaWVudElkaXNWYWxpZG9yaWdpbmFsQ29udGVudG5hbWVhdHRyaWJ1dGVzaW5uZXJCbG9ja3NjbGllbnRJZGlzVmFsaWRvcmlnaW5hbENvbnRlbnRuYW1lYXR0cmlidXRlc3VybGFsdGNhcHRpb25pZHNpemVTbHVnbGlua0Rlc3RpbmF0aW9uaW5uZXJCbG9ja3NjbGllbnRJZGlzVmFsaWRvcmlnaW5hbENvbnRlbnRuYW1lYXR0cmlidXRlc2lzU3RhY2tlZE9uTW9iaWxlaW5uZXJCbG9ja3NjbGllbnRJZGlzVmFsaWRvcmlnaW5hbENvbnRlbnRuYW1lYXR0cmlidXRlc2lubmVyQmxvY2tzBQcIBAgECAYIBRgIB7ksCAcIBggOCA4IC0gBBAkIBggHDwQKB0UADwkGCwgHDwQKB4oBRQAPCAsIBw8ECkcACwgHDwQKB5cFBwULCAcPBAoRCwgHDwQKCwgHDwQKEQsIBw8ECgsIBw8EChELCAcPBAoFCwgHDwQKBQsIBw8ECgULCAcPBAoRCwgHDwQKCwgHDwQKEQsIBw8ECgsIBw8EChELCAcPBAoLCAcPBApDAAcCCA8LCAcPBAoRCwgHDwQKCw8BBAAAAQAAAAEGAAABAABHQgEBAEEAAEEAAgBBAAIAQQACAEEAAEEAAEEAAEEAAEEAAEEAAEEAAEEAAEEAAEEAAEEAAEEAAEEAAEEAAEEAAgBBAABBAAACQXgBxgEAfQF3EzIwMjYtMDItMTZUMDk6MjY6MjJ3BTg2MS0ydwdwdWJsaXNofQF9AHcGY2xvc2VkdwZjbG9zZWR3H3BhZ2UtdGVtcGxhdGVzL3BhZ2UtYnVpbGRlci5waHB3AHckYWFhMDFlMWYtNjc0ZS00MWM1LTk0YWMtZmZmZjhiYzc4ODM0eHeOATxkaXYgY2xhc3M9IndwLWJsb2NrLWdyb3VwIGFsaWdud2lkZSBoYXMtYmxhY2stY29sb3IgaGFzLXdoaXRlLWJhY2tncm91bmQtY29sb3IgaGFzLXRleHQtY29sb3IgaGFzLWJhY2tncm91bmQgaGFzLWxpbmstY29sb3IiPgoKCgoKCgoKCgo8L2Rpdj53CmNvcmUvZ3JvdXB3A2RpdncEd2lkZXYCB3NwYWNpbmd2AQhibG9ja0dhcHcBMAhlbGVtZW50c3YBBGxpbmt2AQVjb2xvcnYBBHRleHR3FnZhcjpwcmVzZXR8Y29sb3J8YmxhY2t3BXdoaXRldwVibGFja3YBBHR5cGV3C2NvbnN0cmFpbmVkdyRlYzBlNDYzYS1iNDQxLTQ0YmEtOTcwMi0xYjdiYTNkODdjOTh4d+IBPGgyIGNsYXNzPSJ3cC1ibG9jay1oZWFkaW5nIGhhcy13aGl0ZS1iYWNrZ3JvdW5kLWNvbG9yIGhhcy10ZXh0LWNvbG9yIGhhcy1iYWNrZ3JvdW5kIGhhcy1saW5rLWNvbG9yIGhhcy1tZWRpdW0tZm9udC1zaXplIiBzdHlsZT0iY29sb3I6I2VlNzE1NSI+PHN0cm9uZz5RdSdlc3QgY2UgcXVlIGwnYXRlbGllciBzJ2FkcmVzc2FudCDDoCBsJ8OpcXVpcGUgw6lkdWNhdGl2ZT88L3N0cm9uZz48L2gyPncMY29yZS9oZWFkaW5nfQJ2AghlbGVtZW50c3YBBGxpbmt2AQVjb2xvcnYBBHRleHR3ByNlZTcxNTUFY29sb3J2AQR0ZXh0dwcjZWU3MTU1dwV3aGl0ZXcGbWVkaXVtdyRjNjQwMzU3Yi1lZjQ5LTQ0MjEtYjY0YS05ZTU5MjgyYjgzOWV4dwc8cD48L3A+dw5jb3JlL3BhcmFncmFwaHl3JDAxYWE0MTc2LTE0NmMtNDAyNi1iNWI1LTUxNjgyMTc5NjZhOHh3hgM8cCBjbGFzcz0iaGFzLXRleHQtYWxpZ24tbGVmdCI+TGEgcmVuY29udHJlIGF2ZWMgbGUgcGVyc29ubmVsIMOpZHVjYXRpZiBhIGNvbW1lIG9iamVjdGlmIGRlIHNlbnNpYmlsaXNlciBzdXIgbGEgc3DDqWNpZmljaXTDqSBkZXMgdmlvbGVuY2VzIGZhaXRlcyBhdXggZW5mYW50cyBldCBkZSByZW5mb3JjZXIgbGUgcsO0bGUgZGVzIGFkdWx0ZXMgZGFucyBsYSBwcsOpdmVudGlvbiBkZSBjZXMgdmlvbGVuY2VzLiBOb3VzIHByb3Bvc29ucyB1biB0ZW1wcyBkJ8OpY2hhbmdlIGV0IGRlIHLDqWZsZXhpb24gZGUgc29ydGUgw6AgbWV0dHJlIGVuIGNvbW11biBkZXMgb3V0aWxzIGRlIHByw6l2ZW50aW9uIHBvdXIgcsOpZHVpcmUgbGEgdnVsbsOpcmFiaWxpdMOpIGRlcyBlbmZhbnRzLjwvcD53DmNvcmUvcGFyYWdyYXBoeXYBCnR5cG9ncmFwaHl2AQl0ZXh0QWxpZ253BGxlZnR3JDQ2NTI1YWNlLWY4ZTQtNGJlYS05ZWIwLTMzMTc1NDMzNDExMHh3JDxkaXYgY2xhc3M9IndwLWJsb2NrLWNvbHVtbnMiPjwvZGl2PncMY29yZS9jb2x1bW5zeHckODI5MzFkYTctMmI2OS00YjhkLWI3N2MtMGFiMjQ5ZWNkYjM1eHcjPGRpdiBjbGFzcz0id3AtYmxvY2stY29sdW1uIj48L2Rpdj53C2NvcmUvY29sdW1udyRiN2M5MzQ1OS0wMTg0LTQ3MWEtYTZkMy1jZDBmOGUxN2EwMTN4dyQ8ZGl2IGNsYXNzPSJ3cC1ibG9jay1jb2x1bW5zIj48L2Rpdj53DGNvcmUvY29sdW1uc3h3JDlhODZiOTQ4LTc3YWQtNDlhOS04YTE4LTY1MmM0OWMzZDA4MHh3IzxkaXYgY2xhc3M9IndwLWJsb2NrLWNvbHVtbiI+PC9kaXY+dwtjb3JlL2NvbHVtbnckOTlhOTE2ZDctYzQ4ZC00YjJhLWJjOTctODkxYTU0YzNiMGE0eHcoPGRpdiBjbGFzcz0id3AtYmxvY2stY29sdW1ucyI+CgoKCjwvZGl2PncMY29yZS9jb2x1bW5zeHckZTcxNDBiMmEtZDEzZC00ZmNmLWI2MmYtMTI2ZTdiYTQ2NWFleHc6PGRpdiBjbGFzcz0id3AtYmxvY2stY29sdW1uIiBzdHlsZT0iZmxleC1iYXNpczoyNSUiPjwvZGl2PncLY29yZS9jb2x1bW53AzI1JXckMmJjNjRlOTItNDFkNi00Mzg2LTkxYjMtNjk3MzM3NjhmNjYyeHc6PGRpdiBjbGFzcz0id3AtYmxvY2stY29sdW1uIiBzdHlsZT0iZmxleC1iYXNpczo1MCUiPjwvZGl2PncLY29yZS9jb2x1bW53AzUwJXckZDdhYTk3MWQtYTcyNS00YWIwLWFkNjMtZWNlYzI2ZTQ4N2M0eHc6PGRpdiBjbGFzcz0id3AtYmxvY2stY29sdW1uIiBzdHlsZT0iZmxleC1iYXNpczoyNSUiPjwvZGl2PncLY29yZS9jb2x1bW53AzI1JXckZTZjNjlhNjktZjZiZS00OGViLTg1ZDgtMWEwMGIxMmIyNzEyeHckPGRpdiBjbGFzcz0id3AtYmxvY2stY29sdW1ucyI+PC9kaXY+dwxjb3JlL2NvbHVtbnN4dyQzMzk0YTgzYy05ZDIwLTRiMjItYjE3Ni0yZmM2YmNjZDJlM2N4dyM8ZGl2IGNsYXNzPSJ3cC1ibG9jay1jb2x1bW4iPjwvZGl2PncLY29yZS9jb2x1bW53JDdlYjA1ZDEyLWVkMDAtNGEzMy05NjY3LTg0NGI5YTNkZGI2ZXh3JDxkaXYgY2xhc3M9IndwLWJsb2NrLWNvbHVtbnMiPjwvZGl2PncMY29yZS9jb2x1bW5zeHckMjA1ZWU5YWQtNTZhYi00MDU1LWEzZWUtYWExNWJiODViZTQ5eHcjPGRpdiBjbGFzcz0id3AtYmxvY2stY29sdW1uIj48L2Rpdj53C2NvcmUvY29sdW1udyQyNDg3MTBkOC0xNDEzLTRlNTMtOWQ5Ny00OGExNzIyOTU1MWR4dyQ8ZGl2IGNsYXNzPSJ3cC1ibG9jay1jb2x1bW5zIj48L2Rpdj53DGNvcmUvY29sdW1uc3h3JDlhY2M0YjUzLTJiMDMtNGJjZS1iYTZkLTNlMTdjNzdjODdiNHh3IzxkaXYgY2xhc3M9IndwLWJsb2NrLWNvbHVtbiI+PC9kaXY+dwtjb3JlL2NvbHVtbnckN2RjNTYzOWEtMDVmNy00ODFmLTkwYjAtZjgyN2JiYTc1MmM1eHehATxmaWd1cmUgY2xhc3M9IndwLWJsb2NrLWltYWdlIHNpemUtbGFyZ2UiPjxpbWcgc3JjPSJodHRwczovL2NhcGRhZ2lyLm9yZy93cC1jb250ZW50L3VwbG9hZHMvMjAyMi8xMi9JTUdfNTc3Ny0xMDI0eDY4My5qcGciIGFsdD0iIiBjbGFzcz0id3AtaW1hZ2UtMzUwIi8+PC9maWd1cmU+dwpjb3JlL2ltYWdld0VodHRwczovL2NhcGRhZ2lyLm9yZy93cC1jb250ZW50L3VwbG9hZHMvMjAyMi8xMi9JTUdfNTc3Ny0xMDI0eDY4My5qcGd3AH2eBXcFbGFyZ2V3BG5vbmV3JGJmMzZkNDdiLTViZDAtNDU2OS04MTEwLWJmMzhhMzkzMzRlNHh3JDxkaXYgY2xhc3M9IndwLWJsb2NrLWNvbHVtbnMiPjwvZGl2PncMY29yZS9jb2x1bW5zeHckNzAwYjQ2ZjYtYTY5ZS00NTUzLWEwMTAtZTg1ZTEzNDFhN2I0eHcjPGRpdiBjbGFzcz0id3AtYmxvY2stY29sdW1uIj48L2Rpdj53C2NvcmUvY29sdW1uAA==\",\"updateId\":901131464}","footnotes":""},"class_list":["post-861","page","type-page","status-publish","hentry"],"_links":{"self":[{"href":"https:\/\/capdagir.org\/index.php\/wp-json\/wp\/v2\/pages\/861","targetHints":{"allow":["GET"]}}],"collection":[{"href":"https:\/\/capdagir.org\/index.php\/wp-json\/wp\/v2\/pages"}],"about":[{"href":"https:\/\/capdagir.org\/index.php\/wp-json\/wp\/v2\/types\/page"}],"author":[{"embeddable":true,"href":"https:\/\/capdagir.org\/index.php\/wp-json\/wp\/v2\/users\/1"}],"replies":[{"embeddable":true,"href":"https:\/\/capdagir.org\/index.php\/wp-json\/wp\/v2\/comments?post=861"}],"version-history":[{"count":14,"href":"https:\/\/capdagir.org\/index.php\/wp-json\/wp\/v2\/pages\/861\/revisions"}],"predecessor-version":[{"id":930,"href":"https:\/\/capdagir.org\/index.php\/wp-json\/wp\/v2\/pages\/861\/revisions\/930"}],"wp:attachment":[{"href":"https:\/\/capdagir.org\/index.php\/wp-json\/wp\/v2\/media?parent=861"}],"curies":[{"name":"wp","href":"https:\/\/api.w.org\/{rel}","templated":true}]}}