{"id":82,"date":"2022-06-23T11:10:48","date_gmt":"2022-06-23T09:10:48","guid":{"rendered":"https:\/\/capdagir.org\/?page_id=82"},"modified":"2025-06-25T11:31:04","modified_gmt":"2025-06-25T09:31:04","slug":"reseau-capoupascap","status":"publish","type":"page","link":"https:\/\/capdagir.org\/index.php\/reseau-capoupascap","title":{"rendered":"R\u00e9seau CAP Francophone"},"content":{"rendered":"\n<p class=\"wp-block-paragraph\"><\/p>\n\n\n\n<p class=\"has-text-align-left wp-block-paragraph\">CAP d&rsquo;Agir fait partie du r\u00e9seau CAP,  premier r\u00e9seau francophone pour la pr\u00e9vention primaire des violences faites aux enfants. Depuis 2017, il r\u00e9unit des associations fran\u00e7aises et belges qui mettent en place des programmes de pr\u00e9vention des violences. Ses membres se r\u00e9unissent chaque ann\u00e9e pour mutualiser leurs outils et se soutenir dans leurs pratiques. Ces rencontres permettent d&rsquo;\u00e9laborer un positionnement commun pour r\u00e9duire la vuln\u00e9rabilit\u00e9 des enfants, et ainsi assurer une coordination francophone dans la d\u00e9fense des droits des enfants.<\/p>\n\n\n\n<p class=\"wp-block-paragraph\"><\/p>\n\n\n\n<hr class=\"wp-block-separator has-alpha-channel-opacity\"\/>\n\n\n\n<h3 class=\"wp-block-heading\">le site du r\u00e9seau CAP francophone d\u2019Europe :<\/h3>\n\n\n\n<p class=\"has-text-align-left wp-block-paragraph\"><a href=\"http:\/\/reseau-cap-francophone.org\/\">http:\/\/reseau-cap-francophone.org\/<\/a><\/p>\n\n\n\n<hr class=\"wp-block-separator has-alpha-channel-opacity is-style-dots\"\/>\n\n\n\n<h3 class=\"wp-block-heading\">Ancrage (Grenoble) :<\/h3>\n\n\n\n<div class=\"wp-block-columns is-layout-flex wp-container-core-columns-is-layout-7387b849 wp-block-columns-is-layout-flex\">\n<div class=\"wp-block-column is-layout-flow wp-block-column-is-layout-flow\" style=\"flex-basis:100%\">\n<div class=\"wp-block-columns is-layout-flex wp-container-core-columns-is-layout-7387b849 wp-block-columns-is-layout-flex\">\n<div class=\"wp-block-column is-layout-flow wp-block-column-is-layout-flow\" style=\"flex-basis:100%\">\n<p class=\"wp-block-paragraph\"><\/p>\n\n\n\n<div class=\"wp-block-columns is-layout-flex wp-container-core-columns-is-layout-7387b849 wp-block-columns-is-layout-flex\">\n<div class=\"wp-block-column is-layout-flow wp-block-column-is-layout-flow\">\n<figure class=\"wp-block-image aligncenter size-full is-resized\"><img loading=\"lazy\" decoding=\"async\" src=\"https:\/\/capdagir.org\/wp-content\/uploads\/2022\/10\/ancrage-1.png\" alt=\"\" class=\"wp-image-285\" width=\"150\" height=\"161\" srcset=\"https:\/\/capdagir.org\/wp-content\/uploads\/2022\/10\/ancrage-1.png 300w, https:\/\/capdagir.org\/wp-content\/uploads\/2022\/10\/ancrage-1-280x300.png 280w\" sizes=\"auto, (max-width: 150px) 100vw, 150px\" \/><\/figure>\n<\/div>\n\n\n\n<div class=\"wp-block-column is-vertically-aligned-center is-layout-flow wp-block-column-is-layout-flow\">\n<p class=\"wp-block-paragraph\"><strong>contact<\/strong> : contact@ancrage-autodefense.fr<\/p>\n\n\n\n<p class=\"wp-block-paragraph\"><strong>site<\/strong> : <a href=\"http:\/\/www.ancrage-autodefense.fr\/\">http:\/\/www.ancrage-autodefense.fr<\/a><br><a href=\"https:\/\/www.facebook.com\/prevention.des.violences\">https:\/\/www.facebook.com\/prevention.des.violences<\/a><\/p>\n<\/div>\n<\/div>\n<\/div>\n<\/div>\n<\/div>\n<\/div>\n\n\n\n<h3 class=\"wp-block-heading\">CAP d\u2019Agir (Toulouse) :<\/h3>\n\n\n\n<div class=\"wp-block-columns is-layout-flex wp-container-core-columns-is-layout-7387b849 wp-block-columns-is-layout-flex\">\n<div class=\"wp-block-column is-layout-flow wp-block-column-is-layout-flow\" style=\"flex-basis:100%\"><\/div>\n<\/div>\n\n\n\n<div class=\"wp-block-columns is-layout-flex wp-container-core-columns-is-layout-7387b849 wp-block-columns-is-layout-flex\">\n<div class=\"wp-block-column is-layout-flow wp-block-column-is-layout-flow\">\n<figure class=\"wp-block-image size-large\"><img loading=\"lazy\" decoding=\"async\" width=\"1024\" height=\"410\" src=\"https:\/\/capdagir.org\/wp-content\/uploads\/2022\/10\/CAP-D-AGIR-pour-fond-vert-1-1024x410.png\" alt=\"\" class=\"wp-image-290\" srcset=\"https:\/\/capdagir.org\/wp-content\/uploads\/2022\/10\/CAP-D-AGIR-pour-fond-vert-1-1024x410.png 1024w, https:\/\/capdagir.org\/wp-content\/uploads\/2022\/10\/CAP-D-AGIR-pour-fond-vert-1-300x120.png 300w, https:\/\/capdagir.org\/wp-content\/uploads\/2022\/10\/CAP-D-AGIR-pour-fond-vert-1-768x307.png 768w, https:\/\/capdagir.org\/wp-content\/uploads\/2022\/10\/CAP-D-AGIR-pour-fond-vert-1-1536x615.png 1536w, https:\/\/capdagir.org\/wp-content\/uploads\/2022\/10\/CAP-D-AGIR-pour-fond-vert-1.png 1772w\" sizes=\"auto, (max-width: 1024px) 100vw, 1024px\" \/><\/figure>\n<\/div>\n\n\n\n<div class=\"wp-block-column is-vertically-aligned-center is-layout-flow wp-block-column-is-layout-flow\">\n<p class=\"wp-block-paragraph\"><strong>contact<\/strong> : contact@capdagir.org<br><strong>site<\/strong> : <a href=\"https:\/\/capdagir.org\/\">https:\/\/capdagir.org\/<\/a><\/p>\n<\/div>\n<\/div>\n\n\n\n<h3 class=\"wp-block-heading\">Claf\u2019Outils (Paris) :<\/h3>\n\n\n\n<div class=\"wp-block-columns is-layout-flex wp-container-core-columns-is-layout-7387b849 wp-block-columns-is-layout-flex\">\n<div class=\"wp-block-column is-layout-flow wp-block-column-is-layout-flow\">\n<figure class=\"wp-block-image size-medium\"><img loading=\"lazy\" decoding=\"async\" width=\"300\" height=\"300\" src=\"https:\/\/capdagir.org\/wp-content\/uploads\/2022\/10\/logo-clafoutis-temporaire-1024x1024-1-300x300.jpeg\" alt=\"\" class=\"wp-image-294\" srcset=\"https:\/\/capdagir.org\/wp-content\/uploads\/2022\/10\/logo-clafoutis-temporaire-1024x1024-1-300x300.jpeg 300w, https:\/\/capdagir.org\/wp-content\/uploads\/2022\/10\/logo-clafoutis-temporaire-1024x1024-1.jpeg 1024w, https:\/\/capdagir.org\/wp-content\/uploads\/2022\/10\/logo-clafoutis-temporaire-1024x1024-1-150x150.jpeg 150w, https:\/\/capdagir.org\/wp-content\/uploads\/2022\/10\/logo-clafoutis-temporaire-1024x1024-1-768x768.jpeg 768w, https:\/\/capdagir.org\/wp-content\/uploads\/2022\/10\/logo-clafoutis-temporaire-1024x1024-1-270x270.jpeg 270w, https:\/\/capdagir.org\/wp-content\/uploads\/2022\/10\/logo-clafoutis-temporaire-1024x1024-1-230x230.jpeg 230w\" sizes=\"auto, (max-width: 300px) 100vw, 300px\" \/><\/figure>\n<\/div>\n\n\n\n<div class=\"wp-block-column is-vertically-aligned-center is-layout-flow wp-block-column-is-layout-flow\">\n<p class=\"wp-block-paragraph\"><strong>contact<\/strong> : clafoutils@riseup.net<br><strong>site<\/strong> : <a href=\"https:\/\/www.centre-hubertine-auclert.fr\/article\/ateliers-de-prevention-des-violences-faites-aux-enfants-association-claf-outils\">https:\/\/www.centre-hubertine-auclert.fr\/article\/ateliers-de-prevention-des-violences-faites-aux-enfants-association-claf-outils<\/a><\/p>\n\n\n\n<p class=\"wp-block-paragraph\"><a href=\"https:\/\/m.centre-hubertine-auclert.fr\/node\/9196\">https:\/\/m.centre-hubertine-auclert.fr\/node\/9196<\/a><\/p>\n<\/div>\n<\/div>\n\n\n\n<h3 class=\"wp-block-heading\">Garance (Bruxelles et Wallonie) :<\/h3>\n\n\n\n<p class=\"wp-block-paragraph\"><\/p>\n\n\n\n<div class=\"wp-block-columns is-layout-flex wp-container-core-columns-is-layout-7387b849 wp-block-columns-is-layout-flex\">\n<div class=\"wp-block-column is-layout-flow wp-block-column-is-layout-flow\">\n<figure class=\"wp-block-image aligncenter size-medium is-resized\"><img loading=\"lazy\" decoding=\"async\" src=\"https:\/\/capdagir.org\/wp-content\/uploads\/2022\/10\/logo-Garance-287x300.png\" alt=\"\" class=\"wp-image-298\" width=\"215\" height=\"225\" srcset=\"https:\/\/capdagir.org\/wp-content\/uploads\/2022\/10\/logo-Garance-287x300.png 287w, https:\/\/capdagir.org\/wp-content\/uploads\/2022\/10\/logo-Garance-768x803.png 768w, https:\/\/capdagir.org\/wp-content\/uploads\/2022\/10\/logo-Garance.png 845w\" sizes=\"auto, (max-width: 215px) 100vw, 215px\" \/><\/figure>\n<\/div>\n\n\n\n<div class=\"wp-block-column is-vertically-aligned-center is-layout-flow wp-block-column-is-layout-flow\">\n<p class=\"wp-block-paragraph\"><strong>contact<\/strong> : lcgarance@gmail.com<br><strong>site<\/strong> : <a href=\"http:\/\/www.garance.be\/spip.php?rubrique3\">http:\/\/www.garance.be\/spip.php?rubrique3<\/a><\/p>\n<\/div>\n<\/div>\n\n\n\n<h3 class=\"wp-block-heading\">Impact (Lyon) :<\/h3>\n\n\n\n<p class=\"wp-block-paragraph\"><\/p>\n\n\n\n<div class=\"wp-block-columns is-layout-flex wp-container-core-columns-is-layout-7387b849 wp-block-columns-is-layout-flex\">\n<div class=\"wp-block-column is-layout-flow wp-block-column-is-layout-flow\">\n<figure class=\"wp-block-image alignleft size-full\"><img loading=\"lazy\" decoding=\"async\" width=\"276\" height=\"207\" src=\"https:\/\/capdagir.org\/wp-content\/uploads\/2022\/10\/2021-08-Logotype_NB-IMPACT.jpeg\" alt=\"\" class=\"wp-image-301\"\/><\/figure>\n<\/div>\n\n\n\n<div class=\"wp-block-column is-vertically-aligned-center is-layout-flow wp-block-column-is-layout-flow\">\n<p class=\"wp-block-paragraph\"><strong>contact<\/strong> : asso.impact@poivron.org<br><strong>site<\/strong> : <a href=\"https:\/\/www.facebook.com\/Impact-autod%C3%A9fense-153214478680933\">https:\/\/www.facebook.com\/Impact-autod%C3%A9fense-153214478680933<\/a><\/p>\n<\/div>\n<\/div>\n","protected":false},"excerpt":{"rendered":"<p>CAP d&rsquo;Agir fait partie du r\u00e9seau CAP, premier r\u00e9seau francophone pour la pr\u00e9vention primaire des violences faites aux enfants. Depuis 2017, il r\u00e9unit des associations fran\u00e7aises et belges qui mettent en place des programmes de pr\u00e9vention des violences. Ses membres<\/p>\n","protected":false},"author":1,"featured_media":0,"parent":0,"menu_order":0,"comment_status":"closed","ping_status":"closed","template":"","meta":{"_crdt_document":"","footnotes":""},"class_list":["post-82","page","type-page","status-publish","hentry"],"_links":{"self":[{"href":"https:\/\/capdagir.org\/index.php\/wp-json\/wp\/v2\/pages\/82","targetHints":{"allow":["GET"]}}],"collection":[{"href":"https:\/\/capdagir.org\/index.php\/wp-json\/wp\/v2\/pages"}],"about":[{"href":"https:\/\/capdagir.org\/index.php\/wp-json\/wp\/v2\/types\/page"}],"author":[{"embeddable":true,"href":"https:\/\/capdagir.org\/index.php\/wp-json\/wp\/v2\/users\/1"}],"replies":[{"embeddable":true,"href":"https:\/\/capdagir.org\/index.php\/wp-json\/wp\/v2\/comments?post=82"}],"version-history":[{"count":32,"href":"https:\/\/capdagir.org\/index.php\/wp-json\/wp\/v2\/pages\/82\/revisions"}],"predecessor-version":[{"id":752,"href":"https:\/\/capdagir.org\/index.php\/wp-json\/wp\/v2\/pages\/82\/revisions\/752"}],"wp:attachment":[{"href":"https:\/\/capdagir.org\/index.php\/wp-json\/wp\/v2\/media?parent=82"}],"curies":[{"name":"wp","href":"https:\/\/api.w.org\/{rel}","templated":true}]}}