{"id":776,"date":"2025-10-29T15:30:02","date_gmt":"2025-10-29T14:30:02","guid":{"rendered":"https:\/\/capdagir.org\/?page_id=776"},"modified":"2025-11-03T16:02:09","modified_gmt":"2025-11-03T15:02:09","slug":"ou-agissons-nous","status":"publish","type":"page","link":"https:\/\/capdagir.org\/index.php\/ou-agissons-nous","title":{"rendered":"O\u00f9  agissons-nous ?"},"content":{"rendered":"\n<iframe loading=\"lazy\" width=\"100%\" height=\"300px\" frameborder=\"0\" allowfullscreen allow=\"geolocation\" src=\"\/\/umap.openstreetmap.fr\/fr\/map\/cap-dagir_1168592?scaleControl=false&#038;miniMap=false&#038;scrollWheelZoom=false&#038;zoomControl=true&#038;editMode=disabled&#038;moreControl=true&#038;searchControl=null&#038;tilelayersControl=null&#038;embedControl=null&#038;datalayersControl=true&#038;onLoadPanel=none&#038;captionBar=false&#038;captionMenus=true\"><\/iframe><p><a href=\"\/\/umap.openstreetmap.fr\/fr\/map\/cap-dagir_1168592?scaleControl=false&#038;miniMap=false&#038;scrollWheelZoom=true&#038;zoomControl=true&#038;editMode=disabled&#038;moreControl=true&#038;searchControl=null&#038;tilelayersControl=null&#038;embedControl=null&#038;datalayersControl=true&#038;onLoadPanel=none&#038;captionBar=false&#038;captionMenus=true\">Voir en plein \u00e9cran<\/a><\/p>\n\n\n\n<p class=\"wp-block-paragraph\"><a href=\"\/\/umap.openstreetmap.fr\/fr\/map\/cap-dagir_1168592?scaleControl=false&amp;miniMap=false&amp;scrollWheelZoom=true&amp;zoomControl=true&amp;editMode=disabled&amp;moreControl=true&amp;searchControl=null&amp;tilelayersControl=null&amp;embedControl=null&amp;datalayersControl=true&amp;onLoadPanel=none&amp;captionBar=false&amp;captionMenus=true\">Voir en plein \u00e9cran<\/a><\/p>\n\n\n\n<p class=\"wp-block-paragraph\">Depuis 2019, nous menons des interventions au c\u0153ur des d\u00e9partements du Lot, du Tarn, du Tarn-et-Garonne et de la Haute-Garonne. Il nous arrive \u00e9galement d\u2019\u00e9tendre notre secteur d\u2019intervention, comme r\u00e9cemment, o\u00f9 nous avons d\u00e9ploy\u00e9 nos actions dans le d\u00e9partement de l\u2019H\u00e9rault.<\/p>\n\n\n\n<p class=\"wp-block-paragraph\"><\/p>\n","protected":false},"excerpt":{"rendered":"<p>Voir en plein \u00e9cran Voir en plein \u00e9cran Depuis 2019, nous menons des interventions au c\u0153ur des d\u00e9partements du Lot, du Tarn, du Tarn-et-Garonne et de la Haute-Garonne. Il nous arrive \u00e9galement d\u2019\u00e9tendre notre secteur d\u2019intervention, comme r\u00e9cemment, o\u00f9 nous<\/p>\n","protected":false},"author":1,"featured_media":0,"parent":0,"menu_order":0,"comment_status":"closed","ping_status":"closed","template":"","meta":{"_crdt_document":"","footnotes":""},"class_list":["post-776","page","type-page","status-publish","hentry"],"_links":{"self":[{"href":"https:\/\/capdagir.org\/index.php\/wp-json\/wp\/v2\/pages\/776","targetHints":{"allow":["GET"]}}],"collection":[{"href":"https:\/\/capdagir.org\/index.php\/wp-json\/wp\/v2\/pages"}],"about":[{"href":"https:\/\/capdagir.org\/index.php\/wp-json\/wp\/v2\/types\/page"}],"author":[{"embeddable":true,"href":"https:\/\/capdagir.org\/index.php\/wp-json\/wp\/v2\/users\/1"}],"replies":[{"embeddable":true,"href":"https:\/\/capdagir.org\/index.php\/wp-json\/wp\/v2\/comments?post=776"}],"version-history":[{"count":11,"href":"https:\/\/capdagir.org\/index.php\/wp-json\/wp\/v2\/pages\/776\/revisions"}],"predecessor-version":[{"id":840,"href":"https:\/\/capdagir.org\/index.php\/wp-json\/wp\/v2\/pages\/776\/revisions\/840"}],"wp:attachment":[{"href":"https:\/\/capdagir.org\/index.php\/wp-json\/wp\/v2\/media?parent=776"}],"curies":[{"name":"wp","href":"https:\/\/api.w.org\/{rel}","templated":true}]}}