{"id":637,"date":"2025-05-27T15:40:58","date_gmt":"2025-05-27T13:40:58","guid":{"rendered":"https:\/\/capdagir.org\/?page_id=637"},"modified":"2026-01-13T09:55:25","modified_gmt":"2026-01-13T08:55:25","slug":"mobilisations","status":"publish","type":"page","link":"https:\/\/capdagir.org\/index.php\/evenements\/mobilisations","title":{"rendered":"Mobilisations"},"content":{"rendered":"\n<p class=\"wp-block-paragraph\"><\/p>\n\n\n\n<p class=\"has-medium-font-size wp-block-paragraph\"><strong>15 novembre 2025<\/strong><\/p>\n\n\n\n<figure class=\"wp-block-image size-large is-resized\"><img loading=\"lazy\" decoding=\"async\" width=\"1024\" height=\"478\" src=\"https:\/\/capdagir.org\/wp-content\/uploads\/2026\/01\/Capture-decran-2026-01-13-a-09.43.11-1024x478.png\" alt=\"\" class=\"wp-image-847\" style=\"aspect-ratio:2.1439590955172565;width:467px;height:auto\" srcset=\"https:\/\/capdagir.org\/wp-content\/uploads\/2026\/01\/Capture-decran-2026-01-13-a-09.43.11-1024x478.png 1024w, https:\/\/capdagir.org\/wp-content\/uploads\/2026\/01\/Capture-decran-2026-01-13-a-09.43.11-300x140.png 300w, https:\/\/capdagir.org\/wp-content\/uploads\/2026\/01\/Capture-decran-2026-01-13-a-09.43.11-768x358.png 768w, https:\/\/capdagir.org\/wp-content\/uploads\/2026\/01\/Capture-decran-2026-01-13-a-09.43.11-1536x716.png 1536w, https:\/\/capdagir.org\/wp-content\/uploads\/2026\/01\/Capture-decran-2026-01-13-a-09.43.11-2048x955.png 2048w, https:\/\/capdagir.org\/wp-content\/uploads\/2026\/01\/Capture-decran-2026-01-13-a-09.43.11-750x350.png 750w, https:\/\/capdagir.org\/wp-content\/uploads\/2026\/01\/Capture-decran-2026-01-13-a-09.43.11-642x300.png 642w\" sizes=\"auto, (max-width: 1024px) 100vw, 1024px\" \/><\/figure>\n\n\n\n<p class=\"has-text-align-center has-small-font-size wp-block-paragraph\">\u00c0 l\u2019occasion de la Journ\u00e9e internationale des droits de l\u2019enfant contre les violences faites aux enfants, CAP d\u2019Agir a pris part \u00e0 la mobilisation organis\u00e9e en 2025 par le Collectif Enfantiste, avec une prise de parole et la tenue d\u2019un stand.<\/p>\n\n\n\n<p class=\"wp-block-paragraph\"><\/p>\n\n\n\n<p class=\"wp-block-paragraph\"><\/p>\n\n\n\n<p class=\"has-medium-font-size wp-block-paragraph\"><strong>29-30 aout 2025<\/strong><\/p>\n\n\n\n<figure class=\"wp-block-image size-large is-resized\"><img loading=\"lazy\" decoding=\"async\" width=\"702\" height=\"1024\" src=\"https:\/\/capdagir.org\/wp-content\/uploads\/2026\/01\/Capture-decran-2026-01-13-a-09.34.11-702x1024.png\" alt=\"\" class=\"wp-image-845\" style=\"aspect-ratio:0.6855520423307737;width:414px;height:auto\" srcset=\"https:\/\/capdagir.org\/wp-content\/uploads\/2026\/01\/Capture-decran-2026-01-13-a-09.34.11-702x1024.png 702w, https:\/\/capdagir.org\/wp-content\/uploads\/2026\/01\/Capture-decran-2026-01-13-a-09.34.11-206x300.png 206w, https:\/\/capdagir.org\/wp-content\/uploads\/2026\/01\/Capture-decran-2026-01-13-a-09.34.11-768x1120.png 768w, https:\/\/capdagir.org\/wp-content\/uploads\/2026\/01\/Capture-decran-2026-01-13-a-09.34.11.png 1034w\" sizes=\"auto, (max-width: 702px) 100vw, 702px\" \/><\/figure>\n\n\n\n<p class=\"has-text-align-center has-small-font-size wp-block-paragraph\">Cap d\u2019Agir a particip\u00e9 \u00e0 la 4\u1d49 \u00e9dition de la F\u00eate de la chanson politique.<\/p>\n\n\n\n<p class=\"wp-block-paragraph\"><\/p>\n\n\n\n<p class=\"wp-block-paragraph\"><\/p>\n\n\n\n<p class=\"has-medium-font-size wp-block-paragraph\"><strong><em>20 Mars 2025<\/em><\/strong><\/p>\n\n\n\n<figure class=\"wp-block-image size-large is-resized\"><img loading=\"lazy\" decoding=\"async\" width=\"1024\" height=\"1024\" src=\"https:\/\/capdagir.org\/wp-content\/uploads\/2025\/03\/583352_e9be42e302024b3dbf89f1541563f8e9mv2-1024x1024.webp\" alt=\"\" class=\"wp-image-544\" style=\"width:403px;height:auto\" srcset=\"https:\/\/capdagir.org\/wp-content\/uploads\/2025\/03\/583352_e9be42e302024b3dbf89f1541563f8e9mv2-1024x1024.webp 1024w, https:\/\/capdagir.org\/wp-content\/uploads\/2025\/03\/583352_e9be42e302024b3dbf89f1541563f8e9mv2-300x300.webp 300w, https:\/\/capdagir.org\/wp-content\/uploads\/2025\/03\/583352_e9be42e302024b3dbf89f1541563f8e9mv2-150x150.webp 150w, https:\/\/capdagir.org\/wp-content\/uploads\/2025\/03\/583352_e9be42e302024b3dbf89f1541563f8e9mv2-768x768.webp 768w, https:\/\/capdagir.org\/wp-content\/uploads\/2025\/03\/583352_e9be42e302024b3dbf89f1541563f8e9mv2-270x270.webp 270w, https:\/\/capdagir.org\/wp-content\/uploads\/2025\/03\/583352_e9be42e302024b3dbf89f1541563f8e9mv2-230x230.webp 230w, https:\/\/capdagir.org\/wp-content\/uploads\/2025\/03\/583352_e9be42e302024b3dbf89f1541563f8e9mv2.webp 1094w\" sizes=\"auto, (max-width: 1024px) 100vw, 1024px\" \/><figcaption class=\"wp-element-caption\">Table ronde entre CAP d\u2019Agir, Ana\u00efs Bonanno, et Marion Pollaert, membres du Collectif Tal Piterbraut Merx \u00e0 la librairie Paysages Humains. La s\u00e9ance a \u00e9t\u00e9 consacr\u00e9e \u00e0 l&rsquo;ouvrage posthume de Tal Piterbraut-Merx, <em>La domination oubli\u00e9e. Politiser les rapports adulte-enfant<\/em>, paru en 2024.<\/figcaption><\/figure>\n\n\n\n<div style=\"height:36px\" aria-hidden=\"true\" class=\"wp-block-spacer\"><\/div>\n\n\n\n<p class=\"wp-block-paragraph\"><\/p>\n\n\n\n<p class=\"has-medium-font-size wp-block-paragraph\"><strong><em>16 Novembre 2024<\/em><\/strong><\/p>\n\n\n\n<figure class=\"wp-block-gallery has-nested-images columns-default is-cropped wp-block-gallery-1 is-layout-flex wp-block-gallery-is-layout-flex\">\n<figure class=\"wp-block-image size-large\"><img loading=\"lazy\" decoding=\"async\" width=\"1024\" height=\"544\" data-id=\"460\" src=\"https:\/\/capdagir.org\/wp-content\/uploads\/2025\/03\/bandeaux-16novembre-1880x1000px-1024x544.webp\" alt=\"\" class=\"wp-image-460\" srcset=\"https:\/\/capdagir.org\/wp-content\/uploads\/2025\/03\/bandeaux-16novembre-1880x1000px-1024x544.webp 1024w, https:\/\/capdagir.org\/wp-content\/uploads\/2025\/03\/bandeaux-16novembre-1880x1000px-300x159.webp 300w, https:\/\/capdagir.org\/wp-content\/uploads\/2025\/03\/bandeaux-16novembre-1880x1000px-768x408.webp 768w, https:\/\/capdagir.org\/wp-content\/uploads\/2025\/03\/bandeaux-16novembre-1880x1000px-1536x816.webp 1536w, https:\/\/capdagir.org\/wp-content\/uploads\/2025\/03\/bandeaux-16novembre-1880x1000px.webp 2045w\" sizes=\"auto, (max-width: 1024px) 100vw, 1024px\" \/><\/figure>\n\n\n\n<figure class=\"wp-block-image size-large\"><img loading=\"lazy\" decoding=\"async\" width=\"1024\" height=\"769\" data-id=\"461\" src=\"https:\/\/capdagir.org\/wp-content\/uploads\/2025\/03\/Screenshot-2025-03-25-103038-1024x769.png\" alt=\"\" class=\"wp-image-461\" srcset=\"https:\/\/capdagir.org\/wp-content\/uploads\/2025\/03\/Screenshot-2025-03-25-103038-1024x769.png 1024w, https:\/\/capdagir.org\/wp-content\/uploads\/2025\/03\/Screenshot-2025-03-25-103038-300x225.png 300w, https:\/\/capdagir.org\/wp-content\/uploads\/2025\/03\/Screenshot-2025-03-25-103038-768x577.png 768w, https:\/\/capdagir.org\/wp-content\/uploads\/2025\/03\/Screenshot-2025-03-25-103038.png 1043w\" sizes=\"auto, (max-width: 1024px) 100vw, 1024px\" \/><\/figure>\n<figcaption class=\"blocks-gallery-caption wp-element-caption\">CAP d\u2019Agir a particip\u00e9, avec une prise de parole, \u00e0 la mobilisation appel\u00e9e en 2024 par le Collectif Enfantiste, \u00e0 l\u2019occasion de la Journ\u00e9e internationale des droits de l\u2019enfant contre les violences faites aux enfants.<\/figcaption><\/figure>\n\n\n\n<div style=\"height:36px\" aria-hidden=\"true\" class=\"wp-block-spacer\"><\/div>\n\n\n\n<p class=\"has-medium-font-size wp-block-paragraph\"><strong><em>30-31 Aout 2024<\/em><\/strong><\/p>\n\n\n\n<figure class=\"wp-block-image size-large is-resized\"><img loading=\"lazy\" decoding=\"async\" width=\"724\" height=\"1024\" src=\"https:\/\/capdagir.org\/wp-content\/uploads\/2025\/03\/AFFICHE-FETE24-1086x1536-1-724x1024.jpg\" alt=\"\" class=\"wp-image-466\" style=\"width:300px\" srcset=\"https:\/\/capdagir.org\/wp-content\/uploads\/2025\/03\/AFFICHE-FETE24-1086x1536-1-724x1024.jpg 724w, https:\/\/capdagir.org\/wp-content\/uploads\/2025\/03\/AFFICHE-FETE24-1086x1536-1-212x300.jpg 212w, https:\/\/capdagir.org\/wp-content\/uploads\/2025\/03\/AFFICHE-FETE24-1086x1536-1-768x1086.jpg 768w, https:\/\/capdagir.org\/wp-content\/uploads\/2025\/03\/AFFICHE-FETE24-1086x1536-1.jpg 1086w\" sizes=\"auto, (max-width: 724px) 100vw, 724px\" \/><figcaption class=\"wp-element-caption\">CAP d&rsquo;Agir a tenu un stand informatif lors de la 3\u00e8me \u00e9dition de la F\u00eate de la Chanson Politique<\/figcaption><\/figure>\n\n\n\n<div style=\"height:29px\" aria-hidden=\"true\" class=\"wp-block-spacer\"><\/div>\n\n\n\n<p class=\"has-medium-font-size wp-block-paragraph\"><em><strong>1-2 Septembre 2023 <\/strong><\/em><\/p>\n\n\n\n<figure class=\"wp-block-image size-full is-resized\"><img loading=\"lazy\" decoding=\"async\" width=\"720\" height=\"1018\" src=\"https:\/\/capdagir.org\/wp-content\/uploads\/2025\/03\/Affiche-Fete-de-la-chanson-politique-2023_IMAGE-720x1018-2.jpg\" alt=\"\" class=\"wp-image-475\" style=\"width:300px\" srcset=\"https:\/\/capdagir.org\/wp-content\/uploads\/2025\/03\/Affiche-Fete-de-la-chanson-politique-2023_IMAGE-720x1018-2.jpg 720w, https:\/\/capdagir.org\/wp-content\/uploads\/2025\/03\/Affiche-Fete-de-la-chanson-politique-2023_IMAGE-720x1018-2-212x300.jpg 212w\" sizes=\"auto, (max-width: 720px) 100vw, 720px\" \/><figcaption class=\"wp-element-caption\">CAP d&rsquo;Agir a a tenu un stand informatif lors de la 2\u00e8me \u00e9dition de la F\u00eate de la Chanson Politique<\/figcaption><\/figure>\n\n\n\n<div style=\"height:39px\" aria-hidden=\"true\" class=\"wp-block-spacer\"><\/div>\n\n\n\n<p class=\"has-medium-font-size wp-block-paragraph\"><em><strong>14 Mai 2022<\/strong><\/em><\/p>\n\n\n\n<figure class=\"wp-block-gallery has-nested-images columns-default is-cropped wp-block-gallery-2 is-layout-flex wp-block-gallery-is-layout-flex\">\n<figure class=\"wp-block-image size-large\"><img loading=\"lazy\" decoding=\"async\" width=\"724\" height=\"1024\" data-id=\"464\" src=\"https:\/\/capdagir.org\/wp-content\/uploads\/2025\/03\/Autodefense-feministe-partout_page-0001-724x1024.jpg\" alt=\"\" class=\"wp-image-464\" srcset=\"https:\/\/capdagir.org\/wp-content\/uploads\/2025\/03\/Autodefense-feministe-partout_page-0001-724x1024.jpg 724w, https:\/\/capdagir.org\/wp-content\/uploads\/2025\/03\/Autodefense-feministe-partout_page-0001-212x300.jpg 212w, https:\/\/capdagir.org\/wp-content\/uploads\/2025\/03\/Autodefense-feministe-partout_page-0001-768x1086.jpg 768w, https:\/\/capdagir.org\/wp-content\/uploads\/2025\/03\/Autodefense-feministe-partout_page-0001-1086x1536.jpg 1086w, https:\/\/capdagir.org\/wp-content\/uploads\/2025\/03\/Autodefense-feministe-partout_page-0001-1448x2048.jpg 1448w, https:\/\/capdagir.org\/wp-content\/uploads\/2025\/03\/Autodefense-feministe-partout_page-0001.jpg 1754w\" sizes=\"auto, (max-width: 724px) 100vw, 724px\" \/><\/figure>\n\n\n\n<figure class=\"wp-block-image size-large\"><img loading=\"lazy\" decoding=\"async\" width=\"725\" height=\"1024\" data-id=\"463\" src=\"https:\/\/capdagir.org\/wp-content\/uploads\/2025\/03\/PROG-AUTODEF-14-05_page-0001-725x1024.jpg\" alt=\"\" class=\"wp-image-463\" srcset=\"https:\/\/capdagir.org\/wp-content\/uploads\/2025\/03\/PROG-AUTODEF-14-05_page-0001-725x1024.jpg 725w, https:\/\/capdagir.org\/wp-content\/uploads\/2025\/03\/PROG-AUTODEF-14-05_page-0001-212x300.jpg 212w, https:\/\/capdagir.org\/wp-content\/uploads\/2025\/03\/PROG-AUTODEF-14-05_page-0001-768x1085.jpg 768w, https:\/\/capdagir.org\/wp-content\/uploads\/2025\/03\/PROG-AUTODEF-14-05_page-0001-1087x1536.jpg 1087w, https:\/\/capdagir.org\/wp-content\/uploads\/2025\/03\/PROG-AUTODEF-14-05_page-0001.jpg 1241w\" sizes=\"auto, (max-width: 725px) 100vw, 725px\" \/><\/figure>\n<figcaption class=\"blocks-gallery-caption wp-element-caption\">CAP d\u2019Agir a organis\u00e9 un atelier et particip\u00e9 \u00e0 une table ronde \u00e0 l\u2019occasion de la Journ\u00e9e de l\u2019autod\u00e9fense f\u00e9ministe, qui s\u2019est tenue \u00e0 La Chapelle.<\/figcaption><\/figure>\n\n\n\n<div style=\"height:29px\" aria-hidden=\"true\" class=\"wp-block-spacer\"><\/div>\n\n\n\n<p class=\"has-medium-font-size wp-block-paragraph\"><strong><em>18 Novembre 2022<\/em><\/strong><\/p>\n\n\n\n<figure class=\"wp-block-image size-large is-resized\"><img loading=\"lazy\" decoding=\"async\" width=\"724\" height=\"1024\" src=\"https:\/\/capdagir.org\/wp-content\/uploads\/2025\/05\/Affiche-Forum-DDE-2022-724x1024.jpg\" alt=\"\" class=\"wp-image-615\" style=\"aspect-ratio:0.7070591959480849;width:314px;height:auto\" srcset=\"https:\/\/capdagir.org\/wp-content\/uploads\/2025\/05\/Affiche-Forum-DDE-2022-724x1024.jpg 724w, https:\/\/capdagir.org\/wp-content\/uploads\/2025\/05\/Affiche-Forum-DDE-2022-212x300.jpg 212w, https:\/\/capdagir.org\/wp-content\/uploads\/2025\/05\/Affiche-Forum-DDE-2022-768x1086.jpg 768w, https:\/\/capdagir.org\/wp-content\/uploads\/2025\/05\/Affiche-Forum-DDE-2022-1086x1536.jpg 1086w, https:\/\/capdagir.org\/wp-content\/uploads\/2025\/05\/Affiche-Forum-DDE-2022.jpg 1414w\" sizes=\"auto, (max-width: 724px) 100vw, 724px\" \/><figcaption class=\"wp-element-caption\">CAP d&rsquo;Agir a anim\u00e9 plusieurs ateliers pendant le Forum des Droits des Enfants organis\u00e9 par les Francas du Tarn-et-Garonne<\/figcaption><\/figure>\n\n\n\n<div style=\"height:33px\" aria-hidden=\"true\" class=\"wp-block-spacer\"><\/div>\n\n\n\n<div class=\"wp-block-buttons is-horizontal is-content-justification-center is-nowrap is-layout-flex wp-container-core-buttons-is-layout-23db78b9 wp-block-buttons-is-layout-flex\">\n<div class=\"wp-block-button\"><a class=\"wp-block-button__link has-black-color has-light-green-cyan-background-color has-text-color has-background has-link-color wp-element-button\" href=\"https:\/\/capdagir.org\/index.php\/evenements\/emissions-radio\">Emissions Radio<\/a><\/div>\n\n\n\n<div class=\"wp-block-button\"><a class=\"wp-block-button__link has-black-color has-light-green-cyan-background-color has-text-color has-background has-link-color wp-element-button\" href=\"https:\/\/capdagir.org\/index.php\/evenements\/fetes-de-soutien\">F\u00eates de soutien<\/a><\/div>\n<\/div>\n\n\n\n<p class=\"wp-block-paragraph\"><\/p>\n","protected":false},"excerpt":{"rendered":"<p>15 novembre 2025 \u00c0 l\u2019occasion de la Journ\u00e9e internationale des droits de l\u2019enfant contre les violences faites aux enfants, CAP d\u2019Agir a pris part \u00e0 la mobilisation organis\u00e9e en 2025 par le Collectif Enfantiste, avec une prise de parole et<\/p>\n","protected":false},"author":1,"featured_media":0,"parent":84,"menu_order":0,"comment_status":"closed","ping_status":"closed","template":"","meta":{"_crdt_document":"","footnotes":""},"class_list":["post-637","page","type-page","status-publish","hentry"],"_links":{"self":[{"href":"https:\/\/capdagir.org\/index.php\/wp-json\/wp\/v2\/pages\/637","targetHints":{"allow":["GET"]}}],"collection":[{"href":"https:\/\/capdagir.org\/index.php\/wp-json\/wp\/v2\/pages"}],"about":[{"href":"https:\/\/capdagir.org\/index.php\/wp-json\/wp\/v2\/types\/page"}],"author":[{"embeddable":true,"href":"https:\/\/capdagir.org\/index.php\/wp-json\/wp\/v2\/users\/1"}],"replies":[{"embeddable":true,"href":"https:\/\/capdagir.org\/index.php\/wp-json\/wp\/v2\/comments?post=637"}],"version-history":[{"count":7,"href":"https:\/\/capdagir.org\/index.php\/wp-json\/wp\/v2\/pages\/637\/revisions"}],"predecessor-version":[{"id":851,"href":"https:\/\/capdagir.org\/index.php\/wp-json\/wp\/v2\/pages\/637\/revisions\/851"}],"up":[{"embeddable":true,"href":"https:\/\/capdagir.org\/index.php\/wp-json\/wp\/v2\/pages\/84"}],"wp:attachment":[{"href":"https:\/\/capdagir.org\/index.php\/wp-json\/wp\/v2\/media?parent=637"}],"curies":[{"name":"wp","href":"https:\/\/api.w.org\/{rel}","templated":true}]}}