{"id":635,"date":"2025-05-27T15:36:11","date_gmt":"2025-05-27T13:36:11","guid":{"rendered":"https:\/\/capdagir.org\/?page_id=635"},"modified":"2026-01-20T11:12:04","modified_gmt":"2026-01-20T10:12:04","slug":"fetes-de-soutien","status":"publish","type":"page","link":"https:\/\/capdagir.org\/index.php\/evenements\/fetes-de-soutien","title":{"rendered":"F\u00eates de soutien"},"content":{"rendered":"\n<p class=\"wp-block-paragraph\"><strong><mark style=\"background-color:rgba(0, 0, 0, 0)\" class=\"has-inline-color has-black-color\">30 juin 2025<\/mark><\/strong><\/p>\n\n\n\n<figure class=\"wp-block-image size-large is-resized\"><img loading=\"lazy\" decoding=\"async\" width=\"724\" height=\"1024\" src=\"https:\/\/capdagir.org\/wp-content\/uploads\/2026\/01\/affiche.relache-724x1024.jpg\" alt=\"\" class=\"wp-image-852\" style=\"aspect-ratio:0.7069048207304489;width:336px;height:auto\" srcset=\"https:\/\/capdagir.org\/wp-content\/uploads\/2026\/01\/affiche.relache-724x1024.jpg 724w, https:\/\/capdagir.org\/wp-content\/uploads\/2026\/01\/affiche.relache-212x300.jpg 212w, https:\/\/capdagir.org\/wp-content\/uploads\/2026\/01\/affiche.relache-768x1086.jpg 768w, https:\/\/capdagir.org\/wp-content\/uploads\/2026\/01\/affiche.relache-1086x1536.jpg 1086w, https:\/\/capdagir.org\/wp-content\/uploads\/2026\/01\/affiche.relache-1448x2048.jpg 1448w, https:\/\/capdagir.org\/wp-content\/uploads\/2026\/01\/affiche.relache.jpg 1587w\" sizes=\"auto, (max-width: 724px) 100vw, 724px\" \/><\/figure>\n\n\n\n<p class=\"has-small-font-size wp-block-paragraph\">En 2025, Cap d&rsquo;Agir a organis\u00e9 une f\u00eate de soutien \u00e0 la Rel\u00e2che de la Chapelle.<\/p>\n\n\n\n<p class=\"wp-block-paragraph\"><strong><em>9 Septembre 2023<\/em><\/strong><\/p>\n\n\n\n<figure class=\"wp-block-gallery has-nested-images columns-default is-cropped wp-block-gallery-1 is-layout-flex wp-block-gallery-is-layout-flex\">\n<figure class=\"wp-block-image size-large\"><img loading=\"lazy\" decoding=\"async\" width=\"724\" height=\"1024\" data-id=\"454\" src=\"https:\/\/capdagir.org\/wp-content\/uploads\/2025\/03\/PDF-fete-CAP-0-sept-affiche-programme-versions-corrigees_page-0001-724x1024.jpg\" alt=\"\" class=\"wp-image-454\" srcset=\"https:\/\/capdagir.org\/wp-content\/uploads\/2025\/03\/PDF-fete-CAP-0-sept-affiche-programme-versions-corrigees_page-0001-724x1024.jpg 724w, https:\/\/capdagir.org\/wp-content\/uploads\/2025\/03\/PDF-fete-CAP-0-sept-affiche-programme-versions-corrigees_page-0001-212x300.jpg 212w, https:\/\/capdagir.org\/wp-content\/uploads\/2025\/03\/PDF-fete-CAP-0-sept-affiche-programme-versions-corrigees_page-0001-768x1087.jpg 768w, https:\/\/capdagir.org\/wp-content\/uploads\/2025\/03\/PDF-fete-CAP-0-sept-affiche-programme-versions-corrigees_page-0001-1085x1536.jpg 1085w, https:\/\/capdagir.org\/wp-content\/uploads\/2025\/03\/PDF-fete-CAP-0-sept-affiche-programme-versions-corrigees_page-0001.jpg 1240w\" sizes=\"auto, (max-width: 724px) 100vw, 724px\" \/><\/figure>\n\n\n\n<figure class=\"wp-block-image size-large\"><img loading=\"lazy\" decoding=\"async\" width=\"724\" height=\"1024\" data-id=\"453\" src=\"https:\/\/capdagir.org\/wp-content\/uploads\/2025\/03\/PDF-fete-CAP-0-sept-affiche-programme-versions-corrigees_page-0002-724x1024.jpg\" alt=\"\" class=\"wp-image-453\" srcset=\"https:\/\/capdagir.org\/wp-content\/uploads\/2025\/03\/PDF-fete-CAP-0-sept-affiche-programme-versions-corrigees_page-0002-724x1024.jpg 724w, https:\/\/capdagir.org\/wp-content\/uploads\/2025\/03\/PDF-fete-CAP-0-sept-affiche-programme-versions-corrigees_page-0002-212x300.jpg 212w, https:\/\/capdagir.org\/wp-content\/uploads\/2025\/03\/PDF-fete-CAP-0-sept-affiche-programme-versions-corrigees_page-0002-768x1087.jpg 768w, https:\/\/capdagir.org\/wp-content\/uploads\/2025\/03\/PDF-fete-CAP-0-sept-affiche-programme-versions-corrigees_page-0002-1085x1536.jpg 1085w, https:\/\/capdagir.org\/wp-content\/uploads\/2025\/03\/PDF-fete-CAP-0-sept-affiche-programme-versions-corrigees_page-0002.jpg 1240w\" sizes=\"auto, (max-width: 724px) 100vw, 724px\" \/><\/figure>\n<figcaption class=\"blocks-gallery-caption wp-element-caption\">En 2023, CAP d\u2019Agir a organis\u00e9 une f\u00eate de soutien \u00e0 l\u2019association, en partenariat avec P\u00e2tons Partout.<\/figcaption><\/figure>\n\n\n\n<div style=\"height:64px\" aria-hidden=\"true\" class=\"wp-block-spacer\"><\/div>\n\n\n\n<p class=\"has-medium-font-size wp-block-paragraph\"><strong><em>11 D\u00e9cembre 2021<\/em><\/strong><\/p>\n\n\n\n<figure class=\"wp-block-gallery has-nested-images columns-default is-cropped wp-block-gallery-2 is-layout-flex wp-block-gallery-is-layout-flex\">\n<figure class=\"wp-block-image size-large\"><img loading=\"lazy\" decoding=\"async\" width=\"731\" height=\"1024\" data-id=\"449\" src=\"https:\/\/capdagir.org\/wp-content\/uploads\/2025\/03\/FLYER-SOIREE-SOUTIEN-CAP-D-AGIR_page-0001-1-731x1024.jpg\" alt=\"\" class=\"wp-image-449\" srcset=\"https:\/\/capdagir.org\/wp-content\/uploads\/2025\/03\/FLYER-SOIREE-SOUTIEN-CAP-D-AGIR_page-0001-1-731x1024.jpg 731w, https:\/\/capdagir.org\/wp-content\/uploads\/2025\/03\/FLYER-SOIREE-SOUTIEN-CAP-D-AGIR_page-0001-1-214x300.jpg 214w, https:\/\/capdagir.org\/wp-content\/uploads\/2025\/03\/FLYER-SOIREE-SOUTIEN-CAP-D-AGIR_page-0001-1-768x1076.jpg 768w, https:\/\/capdagir.org\/wp-content\/uploads\/2025\/03\/FLYER-SOIREE-SOUTIEN-CAP-D-AGIR_page-0001-1.jpg 886w\" sizes=\"auto, (max-width: 731px) 100vw, 731px\" \/><\/figure>\n\n\n\n<figure class=\"wp-block-image size-large\"><img loading=\"lazy\" decoding=\"async\" width=\"731\" height=\"1024\" data-id=\"450\" src=\"https:\/\/capdagir.org\/wp-content\/uploads\/2025\/03\/FLYER-SOIREE-SOUTIEN-CAP-D-AGIR_page-0002-731x1024.jpg\" alt=\"\" class=\"wp-image-450\" srcset=\"https:\/\/capdagir.org\/wp-content\/uploads\/2025\/03\/FLYER-SOIREE-SOUTIEN-CAP-D-AGIR_page-0002-731x1024.jpg 731w, https:\/\/capdagir.org\/wp-content\/uploads\/2025\/03\/FLYER-SOIREE-SOUTIEN-CAP-D-AGIR_page-0002-214x300.jpg 214w, https:\/\/capdagir.org\/wp-content\/uploads\/2025\/03\/FLYER-SOIREE-SOUTIEN-CAP-D-AGIR_page-0002-768x1076.jpg 768w, https:\/\/capdagir.org\/wp-content\/uploads\/2025\/03\/FLYER-SOIREE-SOUTIEN-CAP-D-AGIR_page-0002.jpg 886w\" sizes=\"auto, (max-width: 731px) 100vw, 731px\" \/><\/figure>\n<figcaption class=\"blocks-gallery-caption wp-element-caption\">En 2021, l\u2019association CAP d\u2019Agir a organis\u00e9 sa premi\u00e8re soir\u00e9e de soutien. <\/figcaption><\/figure>\n\n\n\n<div style=\"height:39px\" aria-hidden=\"true\" class=\"wp-block-spacer\"><\/div>\n\n\n\n<hr class=\"wp-block-separator aligncenter has-text-color has-vivid-green-cyan-color has-alpha-channel-opacity has-vivid-green-cyan-background-color has-background\"\/>\n\n\n\n<div style=\"height:38px\" aria-hidden=\"true\" class=\"wp-block-spacer\"><\/div>\n\n\n\n<div class=\"wp-block-buttons is-horizontal is-content-justification-center is-nowrap is-layout-flex wp-container-core-buttons-is-layout-23db78b9 wp-block-buttons-is-layout-flex\">\n<div class=\"wp-block-button\"><a class=\"wp-block-button__link has-black-color has-light-green-cyan-background-color has-text-color has-background has-link-color wp-element-button\" href=\"https:\/\/capdagir.org\/index.php\/evenements\/emissions-radio\">Emissions Radio<\/a><\/div>\n\n\n\n<div class=\"wp-block-button\"><a class=\"wp-block-button__link has-black-color has-light-green-cyan-background-color has-text-color has-background has-link-color wp-element-button\" href=\"https:\/\/capdagir.org\/index.php\/evenements\/mobilisations\">Mobilisations<\/a><\/div>\n<\/div>\n\n\n\n<p class=\"wp-block-paragraph\"><\/p>\n","protected":false},"excerpt":{"rendered":"<p>30 juin 2025 En 2025, Cap d&rsquo;Agir a organis\u00e9 une f\u00eate de soutien \u00e0 la Rel\u00e2che de la Chapelle. 9 Septembre 2023 11 D\u00e9cembre 2021<\/p>\n","protected":false},"author":1,"featured_media":0,"parent":84,"menu_order":0,"comment_status":"closed","ping_status":"closed","template":"","meta":{"_crdt_document":"","footnotes":""},"class_list":["post-635","page","type-page","status-publish","hentry"],"_links":{"self":[{"href":"https:\/\/capdagir.org\/index.php\/wp-json\/wp\/v2\/pages\/635","targetHints":{"allow":["GET"]}}],"collection":[{"href":"https:\/\/capdagir.org\/index.php\/wp-json\/wp\/v2\/pages"}],"about":[{"href":"https:\/\/capdagir.org\/index.php\/wp-json\/wp\/v2\/types\/page"}],"author":[{"embeddable":true,"href":"https:\/\/capdagir.org\/index.php\/wp-json\/wp\/v2\/users\/1"}],"replies":[{"embeddable":true,"href":"https:\/\/capdagir.org\/index.php\/wp-json\/wp\/v2\/comments?post=635"}],"version-history":[{"count":3,"href":"https:\/\/capdagir.org\/index.php\/wp-json\/wp\/v2\/pages\/635\/revisions"}],"predecessor-version":[{"id":854,"href":"https:\/\/capdagir.org\/index.php\/wp-json\/wp\/v2\/pages\/635\/revisions\/854"}],"up":[{"embeddable":true,"href":"https:\/\/capdagir.org\/index.php\/wp-json\/wp\/v2\/pages\/84"}],"wp:attachment":[{"href":"https:\/\/capdagir.org\/index.php\/wp-json\/wp\/v2\/media?parent=635"}],"curies":[{"name":"wp","href":"https:\/\/api.w.org\/{rel}","templated":true}]}}