{"id":173,"date":"2022-09-19T11:48:52","date_gmt":"2022-09-19T09:48:52","guid":{"rendered":"https:\/\/capdagir.org\/?page_id=173"},"modified":"2025-05-26T12:39:56","modified_gmt":"2025-05-26T10:39:56","slug":"notre-reponse-preventive","status":"publish","type":"page","link":"https:\/\/capdagir.org\/index.php\/notre-reponse-preventive","title":{"rendered":"Notre r\u00e9ponse pr\u00e9ventive"},"content":{"rendered":"\n<p class=\"wp-block-paragraph\">La pr\u00e9vention est un enjeu essentiel de la lutte contre les violences faites aux enfants.&nbsp; D&rsquo;une part, elle permet d&#8217;emp\u00eacher que les violences se produisent et d&rsquo;autre part elle permet d&rsquo;y faire face lorsqu&rsquo;elles ont lieu afin qu&rsquo;elles ne se r\u00e9p\u00e8tent pas. <\/p>\n\n\n\n<p class=\"wp-block-paragraph\">\u00c0 CAP d&rsquo;Agir, nous tenons \u00e0 promouvoir le <strong>droit au respect de l\u2019int\u00e9grit\u00e9 des enfants<\/strong>, qu\u2019elle soit physique, psychologique ou sexuelle. Nous consid\u00e9rons primordial que les enfants connaissent leurs droits et qu&rsquo;iels puissent les faire respecter.<\/p>\n\n\n\n<p class=\"wp-block-paragraph\">Cap d&rsquo;agir a \u00e9labor\u00e9 un programme de pr\u00e9vention situant les enfants au c\u0153ur de son dispositif afin de promouvoir leur capacit\u00e9 d\u2019agir.&nbsp; Il s&rsquo;agit ici de leur transmettre les outils n\u00e9cessaires pour leur permettre d&rsquo;\u00eatre acteurs et actrices de leur protection. Par la connaissance de leurs droits, l&rsquo;identification des violences, la transmissions d&rsquo;outils d&rsquo;autod\u00e9fense et de recherche d&rsquo;aide, Cap d&rsquo;Agir veille \u00e0 transmettre aux enfants les ressources qui leur permettront d&rsquo;augmenter la confiance en elleux et de se sentir fort\u00b7es.&nbsp;<\/p>\n\n\n\n<blockquote class=\"wp-block-quote has-text-align-center is-style-large is-layout-flow wp-block-quote-is-layout-flow\">\n<p class=\"has-text-align-center has-background wp-block-paragraph\" style=\"background-color:#7bdbb55c;font-size:15px;font-style:italic;font-weight:400\">Nous pensons qu\u2019il est important de promouvoir leur capacit\u00e9 d\u2019agir et de renforcer leurs ressources. Il s\u2019agit donc d\u2019augmenter la confiance en soi des enfants et de les encourager \u00e0 poser leurs limites.<\/p>\n<\/blockquote>\n\n\n\n<p class=\"wp-block-paragraph\">Cela passe par une \u00e9ducation au consentement, la cr\u00e9ation des espaces de lib\u00e9ration de la parole, la recherche d\u2019aide et le d\u00e9veloppement d\u2019une solidarit\u00e9 entre pairs et entre enfants et adultes de confiance. <\/p>\n\n\n\n<p class=\"wp-block-paragraph\">Nous consid\u00e9rons que <strong>le r\u00f4le des adultes<\/strong> est de mettre en place un cadre permettant aux enfants d&rsquo;\u00eatre aid\u00e9s. Il est essentiel que des adultes de confiance soient en mesure d&rsquo;identifier les signaux de souffrance, de favoriser la lib\u00e9ration de la parole de l&rsquo;enfant et surtout de <strong>croire l&rsquo;enfant quand il parle.<\/strong> Cap d&rsquo;Agir veut sensibiliser les adultes \u00e0 l&rsquo;ampleur et \u00e0 la gravit\u00e9 des violences exerc\u00e9es sur les enfants. L&rsquo;association transmet des outils pour rep\u00e9rer un enfant en risque et en danger et pour l&rsquo;\u00e9couter, elle pr\u00e9sente \u00e9galement les diff\u00e9rents dispositifs permettant la protection de l&rsquo;enfant.<\/p>\n\n\n\n<hr class=\"wp-block-separator has-css-opacity is-style-default\"\/>\n\n\n\n<p class=\"wp-block-paragraph\"><\/p>\n","protected":false},"excerpt":{"rendered":"<p>La pr\u00e9vention est un enjeu essentiel de la lutte contre les violences faites aux enfants.&nbsp; D&rsquo;une part, elle permet d&#8217;emp\u00eacher que les violences se produisent et d&rsquo;autre part elle permet d&rsquo;y faire face lorsqu&rsquo;elles ont lieu afin qu&rsquo;elles ne se<\/p>\n","protected":false},"author":1,"featured_media":0,"parent":0,"menu_order":0,"comment_status":"closed","ping_status":"closed","template":"","meta":{"_crdt_document":"","footnotes":""},"class_list":["post-173","page","type-page","status-publish","hentry"],"_links":{"self":[{"href":"https:\/\/capdagir.org\/index.php\/wp-json\/wp\/v2\/pages\/173","targetHints":{"allow":["GET"]}}],"collection":[{"href":"https:\/\/capdagir.org\/index.php\/wp-json\/wp\/v2\/pages"}],"about":[{"href":"https:\/\/capdagir.org\/index.php\/wp-json\/wp\/v2\/types\/page"}],"author":[{"embeddable":true,"href":"https:\/\/capdagir.org\/index.php\/wp-json\/wp\/v2\/users\/1"}],"replies":[{"embeddable":true,"href":"https:\/\/capdagir.org\/index.php\/wp-json\/wp\/v2\/comments?post=173"}],"version-history":[{"count":11,"href":"https:\/\/capdagir.org\/index.php\/wp-json\/wp\/v2\/pages\/173\/revisions"}],"predecessor-version":[{"id":609,"href":"https:\/\/capdagir.org\/index.php\/wp-json\/wp\/v2\/pages\/173\/revisions\/609"}],"wp:attachment":[{"href":"https:\/\/capdagir.org\/index.php\/wp-json\/wp\/v2\/media?parent=173"}],"curies":[{"name":"wp","href":"https:\/\/api.w.org\/{rel}","templated":true}]}}