{"id":118,"date":"2022-07-06T15:37:15","date_gmt":"2022-07-06T13:37:15","guid":{"rendered":"https:\/\/capdagir.org\/?page_id=118"},"modified":"2025-06-25T14:03:32","modified_gmt":"2025-06-25T12:03:32","slug":"notre-programme-de-prevention","status":"publish","type":"page","link":"https:\/\/capdagir.org\/index.php\/notre-programme-de-prevention","title":{"rendered":"Notre programme de pr\u00e9vention"},"content":{"rendered":"\n<figure class=\"wp-block-image size-large\"><img loading=\"lazy\" decoding=\"async\" width=\"1024\" height=\"683\" src=\"https:\/\/capdagir.org\/wp-content\/uploads\/2022\/12\/IMG_5854-1024x683.jpg\" alt=\"\" class=\"wp-image-354\" srcset=\"https:\/\/capdagir.org\/wp-content\/uploads\/2022\/12\/IMG_5854-1024x683.jpg 1024w, https:\/\/capdagir.org\/wp-content\/uploads\/2022\/12\/IMG_5854-300x200.jpg 300w, https:\/\/capdagir.org\/wp-content\/uploads\/2022\/12\/IMG_5854-768x512.jpg 768w, https:\/\/capdagir.org\/wp-content\/uploads\/2022\/12\/IMG_5854-1536x1024.jpg 1536w, https:\/\/capdagir.org\/wp-content\/uploads\/2022\/12\/IMG_5854-2048x1365.jpg 2048w\" sizes=\"auto, (max-width: 1024px) 100vw, 1024px\" \/><\/figure>\n\n\n\n<div class=\"wp-block-buttons is-content-justification-center is-layout-flex wp-container-core-buttons-is-layout-3e41869c wp-block-buttons-is-layout-flex\">\n<div class=\"wp-block-button\"><a class=\"wp-block-button__link has-black-color has-light-green-cyan-background-color has-text-color has-background has-link-color wp-element-button\" href=\"https:\/\/capdagir.org\/index.php\/les-3-etapes-du-programme-de-prevention\">Les programme de pr\u00e9vention : 3 \u00e9tapes<\/a><\/div>\n<\/div>\n\n\n\n<div style=\"height:33px\" aria-hidden=\"true\" class=\"wp-block-spacer\"><\/div>\n\n\n\n<p class=\"wp-block-paragraph\">La <strong>pr\u00e9vention <\/strong>des agressions, centr\u00e9e sur les enfants eux-m\u00eames est encore peu d\u00e9velopp\u00e9e en France. Nous pensons qu&rsquo;elle doit occuper une place centrale dans la lutte contre les violences faites aux enfants. La pr\u00e9vention, telle que nous la concevons, permet en effet d&rsquo;intervenir avant que les violences se produisent ou qu&rsquo;elles s&rsquo;arr\u00eatent quand elles sont d\u00e9j\u00e0 l\u00e0.<br><br>L\u2019<strong>objectif <\/strong>de notre programme de pr\u00e9vention<strong> <\/strong>est de permettre aux enfants d\u2019augmenter leur confiance en eux et leurs capacit\u00e9s \u00e0 se d\u00e9fendre face \u00e0 des situations de violence. Notre principe d\u2019intervention est de r\u00e9pondre aux besoins fondamentaux de protection et de s\u00e9curit\u00e9 des enfants en les aidant \u00e0 poser des limites et en augmentant leur pouvoir d\u2019agir.<br><br>Le programme de pr\u00e9vention CAP d&rsquo;Agir tient \u00e0 promouvoir le droit au respect de l&rsquo;int\u00e9grit\u00e9 de l&rsquo;enfant, qu&rsquo;elle soit physique, psychologique ou sexuelle. Ainsi, notre <strong>programme aborde<\/strong> tout type de violence<strong> <\/strong>que les enfants sont susceptibles de subir (harc\u00e8lement, violences physiques, psychologiques et sexuelles) de la part des adultes ou de la part d\u2019autres enfants.<br><br>Le programme de pr\u00e9vention de Cap d\u2019Agir se d\u00e9roule au sein de <strong>tout \u00e9tablissement accueillant des enfants<\/strong>, notamment les \u00e9coles \u00e9l\u00e9mentaires et les accueils p\u00e9riscolaires (ALAE, CLAE), mais aussi les colonies de vacances, les foyers d\u2019h\u00e9bergement, etc.<br><br>Le programme de pr\u00e9vention est con\u00e7u \u00e0 destination de <strong>trois publics<\/strong> : d&rsquo;abord les personnels \u00e9ducatifs (enseignant\u00b7es, \u00e9quipe d\u2019animation, AESH, etc.) puis les familles (parents et tuteur\u00b7trices) et enfin les enfants. Des messages de pr\u00e9vention coh\u00e9rents sont diffus\u00e9s \u00e0 ces trois groupes et se renforcent mutuellement. Nous cherchons ainsi \u00e0 d\u00e9velopper une <strong>culture commune de la pr\u00e9vention des violences <\/strong>au sein d\u2019une m\u00eame structure et \u00e0 encourager la coop\u00e9ration et la solidarit\u00e9 entre les enfants et les adultes.<br><br>Le programme complet de pr\u00e9vention se d\u00e9roule en trois \u00e9tapes : <strong> un atelier avec l\u2019\u00e9quipe \u00e9ducative, un atelier avec les familles et <strong>un atelier avec les enfants<\/strong><\/strong> par classe ou groupe d&rsquo;\u00e2ge.<\/p>\n\n\n\n<div class=\"wp-block-group alignwide is-layout-constrained wp-block-group-is-layout-constrained\">\n<h2 class=\"wp-block-heading has-light-green-cyan-color has-text-color has-link-color wp-elements-9e2fba0658a49b064fe4864a6097cb7e\" style=\"font-size:25px\"><strong>Atelier \u00e9quipe \u00e9ducative<\/strong><\/h2>\n<\/div>\n\n\n\n<p class=\"wp-block-paragraph\">La rencontre avec le personnel \u00e9ducatif a comme objectif de sensibiliser sur la sp\u00e9cificit\u00e9 des violences faites aux enfants et de renforcer le r\u00f4le des adultes dans la pr\u00e9vention de ces violences. Nous proposons un temps d&rsquo;\u00e9change et de r\u00e9flexion de sorte \u00e0 mettre en commun des outils de pr\u00e9vention pour r\u00e9duire la vuln\u00e9rabilit\u00e9 des enfants. <\/p>\n\n\n\n<h2 class=\"wp-block-heading has-light-green-cyan-color has-text-color has-link-color wp-elements-0f5cb5962d44ebd7f04afa4c3b25a41e\"><strong>Atelier famille \/ tuteur\u00b7trices<\/strong><\/h2>\n\n\n\n<p class=\"wp-block-paragraph\">Aupr\u00e8s des familles, nous cherchons \u00e0 d\u00e9construire ensemble les mythes et les repr\u00e9sentations courantes autour des violences faites aux enfants. Nous proposons un temps de discussion entre familles pour \u00e9changer sur l&rsquo;importance de parler r\u00e9guli\u00e8rement du sujet des violences avec son enfant. Ce temps est aussi d\u00e9di\u00e9 \u00e0 mettre en commun des outils et des pratiques pour d\u00e9velopper des strat\u00e9gies d&rsquo;autod\u00e9fense chez les enfants. Nous souhaitons, \u00e0 travers cet atelier, favoriser le dialogue et la solidarit\u00e9 entre les familles.<\/p>\n\n\n\n<h2 class=\"wp-block-heading has-light-green-cyan-color has-text-color has-link-color wp-elements-5eb3adca6a4f3bd55ad143bed70469d4\" style=\"font-size:25px\"><strong>Atelier enfants<\/strong><\/h2>\n\n\n\n<div class=\"wp-block-group is-layout-flow wp-block-group-is-layout-flow\">\n<p class=\"wp-block-paragraph\">Lors de l&rsquo;atelier avec les enfants nous nous appuyons sur trois droits sp\u00e9ciaux. Le but est de renforcer leur capacit\u00e9 d&rsquo;agir face aux agressions. Nous insistons sur l&rsquo;importance de rechercher de l&rsquo;aide aupr\u00e8s d&rsquo;un adulte de confiance.<br><br>Les objectifs des ateliers destin\u00e9s aux enfants sont :<\/p>\n\n\n\n<ul class=\"wp-block-list\">\n<li>les informer de leurs droits de se sentir \u00ab en s\u00e9curit\u00e9, fort\u00b7es&nbsp; et libres \u00bb,&nbsp;&nbsp;&nbsp;&nbsp;&nbsp;&nbsp;&nbsp;&nbsp;&nbsp;<\/li>\n\n\n\n<li>les pr\u00e9parer \u00e0 reconna\u00eetre des situations mena\u00e7antes ou dangereuses dans une atmosph\u00e8re s\u00e9curis\u00e9e,&nbsp;&nbsp;&nbsp;&nbsp;&nbsp;&nbsp;&nbsp;&nbsp;&nbsp;<\/li>\n\n\n\n<li>leur offrir de l\u2019information et des strat\u00e9gies pour faire face aux agressions par des inconnus, des proches ou d\u2019autres jeunes,&nbsp;&nbsp;&nbsp;&nbsp;&nbsp;&nbsp;&nbsp;&nbsp;&nbsp;<\/li>\n\n\n\n<li>leur enseigner des strat\u00e9gies qui contribueront \u00e0 r\u00e9duire leur vuln\u00e9rabilit\u00e9 et \u00e0 accro\u00eetre leur confiance en eux.<\/li>\n<\/ul>\n<\/div>\n\n\n\n<div style=\"height:33px\" aria-hidden=\"true\" class=\"wp-block-spacer\"><\/div>\n\n\n\n<figure class=\"wp-block-image size-large\"><img loading=\"lazy\" decoding=\"async\" width=\"1024\" height=\"683\" src=\"https:\/\/capdagir.org\/wp-content\/uploads\/2022\/12\/IMG_5902-1024x683.jpg\" alt=\"\" class=\"wp-image-356\" srcset=\"https:\/\/capdagir.org\/wp-content\/uploads\/2022\/12\/IMG_5902-1024x683.jpg 1024w, https:\/\/capdagir.org\/wp-content\/uploads\/2022\/12\/IMG_5902-300x200.jpg 300w, https:\/\/capdagir.org\/wp-content\/uploads\/2022\/12\/IMG_5902-768x512.jpg 768w, https:\/\/capdagir.org\/wp-content\/uploads\/2022\/12\/IMG_5902-1536x1024.jpg 1536w, https:\/\/capdagir.org\/wp-content\/uploads\/2022\/12\/IMG_5902-2048x1365.jpg 2048w\" sizes=\"auto, (max-width: 1024px) 100vw, 1024px\" \/><\/figure>\n","protected":false},"excerpt":{"rendered":"<p>La pr\u00e9vention des agressions, centr\u00e9e sur les enfants eux-m\u00eames est encore peu d\u00e9velopp\u00e9e en France. Nous pensons qu&rsquo;elle doit occuper une place centrale dans la lutte contre les violences faites aux enfants. La pr\u00e9vention, telle que nous la concevons, permet<\/p>\n","protected":false},"author":1,"featured_media":0,"parent":0,"menu_order":0,"comment_status":"closed","ping_status":"closed","template":"","meta":{"_crdt_document":"","footnotes":""},"class_list":["post-118","page","type-page","status-publish","hentry"],"_links":{"self":[{"href":"https:\/\/capdagir.org\/index.php\/wp-json\/wp\/v2\/pages\/118","targetHints":{"allow":["GET"]}}],"collection":[{"href":"https:\/\/capdagir.org\/index.php\/wp-json\/wp\/v2\/pages"}],"about":[{"href":"https:\/\/capdagir.org\/index.php\/wp-json\/wp\/v2\/types\/page"}],"author":[{"embeddable":true,"href":"https:\/\/capdagir.org\/index.php\/wp-json\/wp\/v2\/users\/1"}],"replies":[{"embeddable":true,"href":"https:\/\/capdagir.org\/index.php\/wp-json\/wp\/v2\/comments?post=118"}],"version-history":[{"count":49,"href":"https:\/\/capdagir.org\/index.php\/wp-json\/wp\/v2\/pages\/118\/revisions"}],"predecessor-version":[{"id":764,"href":"https:\/\/capdagir.org\/index.php\/wp-json\/wp\/v2\/pages\/118\/revisions\/764"}],"wp:attachment":[{"href":"https:\/\/capdagir.org\/index.php\/wp-json\/wp\/v2\/media?parent=118"}],"curies":[{"name":"wp","href":"https:\/\/api.w.org\/{rel}","templated":true}]}}